{"id":341,"date":"2026-02-05T19:27:54","date_gmt":"2026-02-05T19:27:54","guid":{"rendered":"https:\/\/noselocuentesanadie.com\/enpade\/?page_id=341"},"modified":"2026-03-25T13:22:17","modified_gmt":"2026-03-25T13:22:17","slug":"quienes-somos","status":"publish","type":"page","link":"https:\/\/noselocuentesanadie.com\/enpade\/quienes-somos\/","title":{"rendered":"Quienes Somos"},"content":{"rendered":"\t\t<div data-elementor-type=\"wp-page\" data-elementor-id=\"341\" class=\"elementor elementor-341\" data-elementor-post-type=\"page\">\n\t\t\t\t\t\t<section class=\"elementor-section elementor-top-section elementor-element elementor-element-713d298 elementor-section-boxed elementor-section-height-default elementor-section-height-default\" data-id=\"713d298\" data-element_type=\"section\" data-e-type=\"section\" data-settings=\"{&quot;background_background&quot;:&quot;classic&quot;}\">\n\t\t\t\t\t\t\t<div class=\"elementor-background-overlay\"><\/div>\n\t\t\t\t\t\t\t<div class=\"elementor-container elementor-column-gap-no\">\n\t\t\t\t\t<div class=\"elementor-column elementor-col-100 elementor-top-column elementor-element elementor-element-b79dc7f\" data-id=\"b79dc7f\" data-element_type=\"column\" data-e-type=\"column\" data-settings=\"{&quot;background_background&quot;:&quot;classic&quot;}\">\n\t\t\t<div class=\"elementor-widget-wrap elementor-element-populated\">\n\t\t\t\t\t\t<div class=\"elementor-element elementor-element-4d77ec1 elementor-widget elementor-widget-heading\" data-id=\"4d77ec1\" data-element_type=\"widget\" data-e-type=\"widget\" data-widget_type=\"heading.default\">\n\t\t\t\t\t<h1 class=\"elementor-heading-title elementor-size-default\">Qui\u00e9nes somos<\/h1>\t\t\t\t<\/div>\n\t\t\t\t\t<\/div>\n\t\t<\/div>\n\t\t\t\t\t<\/div>\n\t\t<\/section>\n\t\t\t\t<section class=\"elementor-section elementor-top-section elementor-element elementor-element-a91c74e elementor-reverse-tablet elementor-reverse-mobile elementor-section-boxed elementor-section-height-default elementor-section-height-default\" data-id=\"a91c74e\" data-element_type=\"section\" data-e-type=\"section\" data-settings=\"{&quot;background_background&quot;:&quot;classic&quot;}\">\n\t\t\t\t\t\t<div class=\"elementor-container elementor-column-gap-no\">\n\t\t\t\t\t<div class=\"elementor-column elementor-col-50 elementor-top-column elementor-element elementor-element-ee8738b\" data-id=\"ee8738b\" data-element_type=\"column\" data-e-type=\"column\">\n\t\t\t<div class=\"elementor-widget-wrap elementor-element-populated\">\n\t\t\t\t\t\t<div class=\"elementor-element elementor-element-9e56d34 elementor-widget elementor-widget-image\" data-id=\"9e56d34\" data-element_type=\"widget\" data-e-type=\"widget\" data-widget_type=\"image.default\">\n\t\t\t\t\t\t\t\t\t\t\t\t\t\t\t<img fetchpriority=\"high\" decoding=\"async\" width=\"800\" height=\"534\" src=\"https:\/\/noselocuentesanadie.com\/enpade\/wp-content\/uploads\/2026\/02\/pexels-shiwa-yachachin-10961315-1200x800-1-1024x683.jpg\" class=\"attachment-large size-large wp-image-343\" alt=\"\" srcset=\"https:\/\/noselocuentesanadie.com\/enpade\/wp-content\/uploads\/2026\/02\/pexels-shiwa-yachachin-10961315-1200x800-1-1024x683.jpg 1024w, https:\/\/noselocuentesanadie.com\/enpade\/wp-content\/uploads\/2026\/02\/pexels-shiwa-yachachin-10961315-1200x800-1-600x400.jpg 600w, https:\/\/noselocuentesanadie.com\/enpade\/wp-content\/uploads\/2026\/02\/pexels-shiwa-yachachin-10961315-1200x800-1-300x200.jpg 300w, https:\/\/noselocuentesanadie.com\/enpade\/wp-content\/uploads\/2026\/02\/pexels-shiwa-yachachin-10961315-1200x800-1-768x512.jpg 768w, https:\/\/noselocuentesanadie.com\/enpade\/wp-content\/uploads\/2026\/02\/pexels-shiwa-yachachin-10961315-1200x800-1.jpg 1200w\" sizes=\"(max-width: 800px) 100vw, 800px\" \/>\t\t\t\t\t\t\t\t\t\t\t\t\t\t\t<\/div>\n\t\t\t\t\t<\/div>\n\t\t<\/div>\n\t\t\t\t<div class=\"elementor-column elementor-col-50 elementor-top-column elementor-element elementor-element-0edfc4b\" data-id=\"0edfc4b\" data-element_type=\"column\" data-e-type=\"column\">\n\t\t\t<div class=\"elementor-widget-wrap elementor-element-populated\">\n\t\t\t\t\t\t<div class=\"elementor-element elementor-element-d86d6d2 elementor-widget elementor-widget-heading\" data-id=\"d86d6d2\" data-element_type=\"widget\" data-e-type=\"widget\" data-widget_type=\"heading.default\">\n\t\t\t\t\t<h5 class=\"elementor-heading-title elementor-size-default\">\u00daNETE Y TRANSFORMA VIDAS<\/h5>\t\t\t\t<\/div>\n\t\t\t\t<div class=\"elementor-element elementor-element-fee1907 elementor-widget elementor-widget-heading\" data-id=\"fee1907\" data-element_type=\"widget\" data-e-type=\"widget\" data-widget_type=\"heading.default\">\n\t\t\t\t\t<h3 class=\"elementor-heading-title elementor-size-default\">\u00bfQu\u00e9 es ENPADE?<\/h3>\t\t\t\t<\/div>\n\t\t\t\t<div class=\"elementor-element elementor-element-e32fb88 elementor-widget elementor-widget-text-editor\" data-id=\"e32fb88\" data-element_type=\"widget\" data-e-type=\"widget\" data-widget_type=\"text-editor.default\">\n\t\t\t\t\t\t\t\t\t<p>ENPADE, Entidad Promotora del Desarrollo, es una Fundaci\u00f3n privada, de cooperaci\u00f3n al desarrollo y ayuda a personas vulnerables en todo el mundo.<\/p><p>Una iniciativa de la sociedad civil, sin \u00e1nimo de lucro e independiente de toda orientaci\u00f3n pol\u00edtica.\u00a0<\/p><p>Naci\u00f3 en Espa\u00f1a en 1988 como Asociaci\u00f3n y se transform\u00f3 en Fundaci\u00f3n el 25 de marzo de 1999; est\u00e1 inscrita en el Registro de Fundaciones con el n\u00famero 28 \/ 1.107.\u00a0<\/p>\t\t\t\t\t\t\t\t<\/div>\n\t\t\t\t\t<\/div>\n\t\t<\/div>\n\t\t\t\t\t<\/div>\n\t\t<\/section>\n\t\t\t\t<section class=\"elementor-section elementor-top-section elementor-element elementor-element-c1e774b elementor-section-boxed elementor-section-height-default elementor-section-height-default\" data-id=\"c1e774b\" data-element_type=\"section\" data-e-type=\"section\">\n\t\t\t\t\t\t<div class=\"elementor-container elementor-column-gap-no\">\n\t\t\t\t\t<div class=\"elementor-column elementor-col-100 elementor-top-column elementor-element elementor-element-be20c45\" data-id=\"be20c45\" data-element_type=\"column\" data-e-type=\"column\">\n\t\t\t<div class=\"elementor-widget-wrap elementor-element-populated\">\n\t\t\t\t\t\t<section class=\"elementor-section elementor-inner-section elementor-element elementor-element-a5b833d elementor-section-boxed elementor-section-height-default elementor-section-height-default\" data-id=\"a5b833d\" data-element_type=\"section\" data-e-type=\"section\">\n\t\t\t\t\t\t<div class=\"elementor-container elementor-column-gap-no\">\n\t\t\t\t\t<div class=\"elementor-column elementor-col-50 elementor-inner-column elementor-element elementor-element-1c7860a\" data-id=\"1c7860a\" data-element_type=\"column\" data-e-type=\"column\">\n\t\t\t<div class=\"elementor-widget-wrap elementor-element-populated\">\n\t\t\t\t\t\t<div class=\"elementor-element elementor-element-ff0b9d0 elementor-widget elementor-widget-heading\" data-id=\"ff0b9d0\" data-element_type=\"widget\" data-e-type=\"widget\" data-widget_type=\"heading.default\">\n\t\t\t\t\t<h3 class=\"elementor-heading-title elementor-size-default\">\u00bfCu\u00e1l es nuestro objetivo?<\/h3>\t\t\t\t<\/div>\n\t\t\t\t\t<\/div>\n\t\t<\/div>\n\t\t\t\t<div class=\"elementor-column elementor-col-50 elementor-inner-column elementor-element elementor-element-63130af\" data-id=\"63130af\" data-element_type=\"column\" data-e-type=\"column\">\n\t\t\t<div class=\"elementor-widget-wrap elementor-element-populated\">\n\t\t\t\t\t\t<div class=\"elementor-element elementor-element-623295f elementor-widget elementor-widget-text-editor\" data-id=\"623295f\" data-element_type=\"widget\" data-e-type=\"widget\" data-widget_type=\"text-editor.default\">\n\t\t\t\t\t\t\t\t\t<p>Mejorar la calidad de vida de las personas en pa\u00edses en desarrollo y de quienes se encuentran en situaci\u00f3n de vulnerabilidad, creando oportunidades reales para un futuro digno.<\/p>\t\t\t\t\t\t\t\t<\/div>\n\t\t\t\t\t<\/div>\n\t\t<\/div>\n\t\t\t\t\t<\/div>\n\t\t<\/section>\n\t\t\t\t\t<\/div>\n\t\t<\/div>\n\t\t\t\t\t<\/div>\n\t\t<\/section>\n\t\t\t\t<section class=\"elementor-section elementor-top-section elementor-element elementor-element-37c3b75 elementor-section-boxed elementor-section-height-default elementor-section-height-default\" data-id=\"37c3b75\" data-element_type=\"section\" data-e-type=\"section\">\n\t\t\t\t\t\t<div class=\"elementor-container elementor-column-gap-no\">\n\t\t\t\t\t<div class=\"elementor-column elementor-col-100 elementor-top-column elementor-element elementor-element-c20690f\" data-id=\"c20690f\" data-element_type=\"column\" data-e-type=\"column\">\n\t\t\t<div class=\"elementor-widget-wrap elementor-element-populated\">\n\t\t\t\t\t\t<section class=\"elementor-section elementor-inner-section elementor-element elementor-element-d1ab48c elementor-section-boxed elementor-section-height-default elementor-section-height-default\" data-id=\"d1ab48c\" data-element_type=\"section\" data-e-type=\"section\">\n\t\t\t\t\t\t<div class=\"elementor-container elementor-column-gap-no\">\n\t\t\t\t\t<div class=\"elementor-column elementor-col-50 elementor-inner-column elementor-element elementor-element-5b89eac\" data-id=\"5b89eac\" data-element_type=\"column\" data-e-type=\"column\">\n\t\t\t<div class=\"elementor-widget-wrap elementor-element-populated\">\n\t\t\t\t\t\t<div class=\"elementor-element elementor-element-cc40b37 elementor-widget elementor-widget-image\" data-id=\"cc40b37\" data-element_type=\"widget\" data-e-type=\"widget\" data-widget_type=\"image.default\">\n\t\t\t\t\t\t\t\t\t\t\t\t\t\t\t<img decoding=\"async\" width=\"800\" height=\"534\" src=\"https:\/\/noselocuentesanadie.com\/enpade\/wp-content\/uploads\/2026\/01\/unbound-img04-1024x683.jpg\" class=\"attachment-large size-large wp-image-44\" alt=\"\" srcset=\"https:\/\/noselocuentesanadie.com\/enpade\/wp-content\/uploads\/2026\/01\/unbound-img04-1024x683.jpg 1024w, https:\/\/noselocuentesanadie.com\/enpade\/wp-content\/uploads\/2026\/01\/unbound-img04-600x400.jpg 600w, https:\/\/noselocuentesanadie.com\/enpade\/wp-content\/uploads\/2026\/01\/unbound-img04-300x200.jpg 300w, https:\/\/noselocuentesanadie.com\/enpade\/wp-content\/uploads\/2026\/01\/unbound-img04-768x512.jpg 768w, https:\/\/noselocuentesanadie.com\/enpade\/wp-content\/uploads\/2026\/01\/unbound-img04.jpg 1200w\" sizes=\"(max-width: 800px) 100vw, 800px\" \/>\t\t\t\t\t\t\t\t\t\t\t\t\t\t\t<\/div>\n\t\t\t\t<div class=\"elementor-element elementor-element-fb288c0 elementor-widget elementor-widget-heading\" data-id=\"fb288c0\" data-element_type=\"widget\" data-e-type=\"widget\" data-widget_type=\"heading.default\">\n\t\t\t\t\t<h5 class=\"elementor-heading-title elementor-size-default\">\u00bfCu\u00e1l es nuestra misi\u00f3n?<\/h5>\t\t\t\t<\/div>\n\t\t\t\t<div class=\"elementor-element elementor-element-1538f9b elementor-widget elementor-widget-text-editor\" data-id=\"1538f9b\" data-element_type=\"widget\" data-e-type=\"widget\" data-widget_type=\"text-editor.default\">\n\t\t\t\t\t\t\t\t\t<p>Atender a personas que se encuentran en situaci\u00f3n de vulnerabilidad o en riesgo de exclusi\u00f3n social, principalmente a ni\u00f1os, j\u00f3venes, mujeres y familias, para impulsar su desarrollo y autonom\u00eda, mediante la formaci\u00f3n profesional y la asistencia e integraci\u00f3n social.<\/p>\t\t\t\t\t\t\t\t<\/div>\n\t\t\t\t\t<\/div>\n\t\t<\/div>\n\t\t\t\t<div class=\"elementor-column elementor-col-50 elementor-inner-column elementor-element elementor-element-20ca995\" data-id=\"20ca995\" data-element_type=\"column\" data-e-type=\"column\">\n\t\t\t<div class=\"elementor-widget-wrap elementor-element-populated\">\n\t\t\t\t\t\t<div class=\"elementor-element elementor-element-a8eb208 elementor-widget elementor-widget-image\" data-id=\"a8eb208\" data-element_type=\"widget\" data-e-type=\"widget\" data-widget_type=\"image.default\">\n\t\t\t\t\t\t\t\t\t\t\t\t\t\t\t<img decoding=\"async\" width=\"800\" height=\"534\" src=\"https:\/\/noselocuentesanadie.com\/enpade\/wp-content\/uploads\/2026\/01\/unbound-img38-1024x683.jpg\" class=\"attachment-large size-large wp-image-45\" alt=\"\" srcset=\"https:\/\/noselocuentesanadie.com\/enpade\/wp-content\/uploads\/2026\/01\/unbound-img38-1024x683.jpg 1024w, https:\/\/noselocuentesanadie.com\/enpade\/wp-content\/uploads\/2026\/01\/unbound-img38-600x400.jpg 600w, https:\/\/noselocuentesanadie.com\/enpade\/wp-content\/uploads\/2026\/01\/unbound-img38-300x200.jpg 300w, https:\/\/noselocuentesanadie.com\/enpade\/wp-content\/uploads\/2026\/01\/unbound-img38-768x512.jpg 768w, https:\/\/noselocuentesanadie.com\/enpade\/wp-content\/uploads\/2026\/01\/unbound-img38.jpg 1200w\" sizes=\"(max-width: 800px) 100vw, 800px\" \/>\t\t\t\t\t\t\t\t\t\t\t\t\t\t\t<\/div>\n\t\t\t\t<div class=\"elementor-element elementor-element-7c8018b elementor-widget elementor-widget-heading\" data-id=\"7c8018b\" data-element_type=\"widget\" data-e-type=\"widget\" data-widget_type=\"heading.default\">\n\t\t\t\t\t<h5 class=\"elementor-heading-title elementor-size-default\">\u00bfCu\u00e1l es nuestra visi\u00f3n?<\/h5>\t\t\t\t<\/div>\n\t\t\t\t<div class=\"elementor-element elementor-element-3508f38 elementor-widget elementor-widget-text-editor\" data-id=\"3508f38\" data-element_type=\"widget\" data-e-type=\"widget\" data-widget_type=\"text-editor.default\">\n\t\t\t\t\t\t\t\t\t<p>Construir un mundo en el que cada persona pueda vivir con dignidad y alcanzar todo su potencial.<\/p>\t\t\t\t\t\t\t\t<\/div>\n\t\t\t\t\t<\/div>\n\t\t<\/div>\n\t\t\t\t\t<\/div>\n\t\t<\/section>\n\t\t\t\t\t<\/div>\n\t\t<\/div>\n\t\t\t\t\t<\/div>\n\t\t<\/section>\n\t\t<div class=\"elementor-element elementor-element-c12560e e-flex e-con-boxed e-con e-parent\" data-id=\"c12560e\" data-element_type=\"container\" data-e-type=\"container\" data-settings=\"{&quot;background_background&quot;:&quot;classic&quot;}\">\n\t\t\t\t\t<div class=\"e-con-inner\">\n\t\t<div class=\"elementor-element elementor-element-9fd7cc2 e-con-full e-flex e-con e-child\" data-id=\"9fd7cc2\" data-element_type=\"container\" data-e-type=\"container\">\n\t\t<div class=\"elementor-element elementor-element-ad39a86 e-con-full e-flex e-con e-child\" data-id=\"ad39a86\" data-element_type=\"container\" data-e-type=\"container\">\n\t\t<div class=\"elementor-element elementor-element-092181f e-con-full e-flex e-con e-child\" data-id=\"092181f\" data-element_type=\"container\" data-e-type=\"container\">\n\t\t\t\t<div class=\"elementor-element elementor-element-a747ef8 elementor-widget elementor-widget-heading\" data-id=\"a747ef8\" data-element_type=\"widget\" data-e-type=\"widget\" data-widget_type=\"heading.default\">\n\t\t\t\t\t<h5 class=\"elementor-heading-title elementor-size-default\">NUESTRO BLOG<\/h5>\t\t\t\t<\/div>\n\t\t\t\t<div class=\"elementor-element elementor-element-7bd7800 elementor-widget elementor-widget-heading\" data-id=\"7bd7800\" data-element_type=\"widget\" data-e-type=\"widget\" data-widget_type=\"heading.default\">\n\t\t\t\t\t<h2 class=\"elementor-heading-title elementor-size-default\">\u00daltimas noticias<\/h2>\t\t\t\t<\/div>\n\t\t\t\t<\/div>\n\t\t<div class=\"elementor-element elementor-element-22d70ad e-con-full e-flex e-con e-child\" data-id=\"22d70ad\" data-element_type=\"container\" data-e-type=\"container\">\n\t\t\t\t<div class=\"elementor-element elementor-element-b35037f elementor-align-center elementor-mobile-align-justify elementor-widget-mobile__width-inherit elementor-widget elementor-widget-button\" data-id=\"b35037f\" data-element_type=\"widget\" data-e-type=\"widget\" data-widget_type=\"button.default\">\n\t\t\t\t\t\t\t\t\t\t<a class=\"elementor-button elementor-button-link elementor-size-sm\" href=\"https:\/\/noselocuentesanadie.com\/enpade\/noticias\/\">\n\t\t\t\t\t\t<span class=\"elementor-button-content-wrapper\">\n\t\t\t\t\t\t\t\t\t<span class=\"elementor-button-text\">Ver mas noticias<\/span>\n\t\t\t\t\t<\/span>\n\t\t\t\t\t<\/a>\n\t\t\t\t\t\t\t\t<\/div>\n\t\t\t\t<\/div>\n\t\t\t\t<\/div>\n\t\t\t\t<div class=\"elementor-element elementor-element-297d551 elementor-grid-3 elementor-grid-tablet-2 elementor-grid-mobile-1 elementor-posts--thumbnail-top elementor-card-shadow-yes elementor-posts__hover-gradient elementor-widget elementor-widget-posts\" data-id=\"297d551\" data-element_type=\"widget\" data-e-type=\"widget\" data-settings=\"{&quot;cards_columns&quot;:&quot;3&quot;,&quot;cards_columns_tablet&quot;:&quot;2&quot;,&quot;cards_columns_mobile&quot;:&quot;1&quot;,&quot;cards_row_gap&quot;:{&quot;unit&quot;:&quot;px&quot;,&quot;size&quot;:35,&quot;sizes&quot;:[]},&quot;cards_row_gap_tablet&quot;:{&quot;unit&quot;:&quot;px&quot;,&quot;size&quot;:&quot;&quot;,&quot;sizes&quot;:[]},&quot;cards_row_gap_mobile&quot;:{&quot;unit&quot;:&quot;px&quot;,&quot;size&quot;:&quot;&quot;,&quot;sizes&quot;:[]}}\" data-widget_type=\"posts.cards\">\n\t\t\t\t<div class=\"elementor-widget-container\">\n\t\t\t\t\t\t\t<div class=\"elementor-posts-container elementor-posts elementor-posts--skin-cards elementor-grid\" role=\"list\">\n\t\t\t\t<article class=\"elementor-post elementor-grid-item post-413 post type-post status-publish format-standard has-post-thumbnail hentry category-noticias\" role=\"listitem\">\n\t\t\t<div class=\"elementor-post__card\">\n\t\t\t\t<a class=\"elementor-post__thumbnail__link\" href=\"https:\/\/noselocuentesanadie.com\/enpade\/refuerzo-de-alimentacion-de-un-millar-de-ninos-angolenos-en-su-escuela\/\" tabindex=\"-1\" ><div class=\"elementor-post__thumbnail\"><img loading=\"lazy\" decoding=\"async\" width=\"775\" height=\"567\" src=\"https:\/\/noselocuentesanadie.com\/enpade\/wp-content\/uploads\/2026\/03\/Proyecto-Auxilio-Merenda-Escolar-Angola-4.jpg\" class=\"attachment-full size-full wp-image-415\" alt=\"\" srcset=\"https:\/\/noselocuentesanadie.com\/enpade\/wp-content\/uploads\/2026\/03\/Proyecto-Auxilio-Merenda-Escolar-Angola-4.jpg 775w, https:\/\/noselocuentesanadie.com\/enpade\/wp-content\/uploads\/2026\/03\/Proyecto-Auxilio-Merenda-Escolar-Angola-4-600x439.jpg 600w, https:\/\/noselocuentesanadie.com\/enpade\/wp-content\/uploads\/2026\/03\/Proyecto-Auxilio-Merenda-Escolar-Angola-4-300x219.jpg 300w, https:\/\/noselocuentesanadie.com\/enpade\/wp-content\/uploads\/2026\/03\/Proyecto-Auxilio-Merenda-Escolar-Angola-4-768x562.jpg 768w\" sizes=\"(max-width: 775px) 100vw, 775px\" \/><\/div><\/a>\n\t\t\t\t<div class=\"elementor-post__badge\">Noticias<\/div>\n\t\t\t\t<div class=\"elementor-post__text\">\n\t\t\t\t<h5 class=\"elementor-post__title\">\n\t\t\t<a href=\"https:\/\/noselocuentesanadie.com\/enpade\/refuerzo-de-alimentacion-de-un-millar-de-ninos-angolenos-en-su-escuela\/\" >\n\t\t\t\tRefuerzo de alimentaci\u00f3n de un millar de ni\u00f1os angole\u00f1os en su escuela\t\t\t<\/a>\n\t\t<\/h5>\n\t\t\t\t<\/div>\n\t\t\t\t<div class=\"elementor-post__meta-data\">\n\t\t\t\t\t<span class=\"elementor-post-author\">\n\t\t\tadmin\t\t<\/span>\n\t\t\t\t<span class=\"elementor-post-date\">\n\t\t\tmarzo 19, 2026\t\t<\/span>\n\t\t\t\t<\/div>\n\t\t\t\t\t<\/div>\n\t\t<\/article>\n\t\t\t\t<article class=\"elementor-post elementor-grid-item post-228 post type-post status-publish format-standard has-post-thumbnail hentry category-noticias\" role=\"listitem\">\n\t\t\t<div class=\"elementor-post__card\">\n\t\t\t\t<a class=\"elementor-post__thumbnail__link\" href=\"https:\/\/noselocuentesanadie.com\/enpade\/llega-el-dia-de-la-madre-y-nosotros-tenemos-25\/\" tabindex=\"-1\" ><div class=\"elementor-post__thumbnail\"><img loading=\"lazy\" decoding=\"async\" width=\"2048\" height=\"815\" src=\"https:\/\/noselocuentesanadie.com\/enpade\/wp-content\/uploads\/2026\/01\/Programa-de-madres-adolescentes-Venezuela-2048x815-1.png\" class=\"attachment-full size-full wp-image-229\" alt=\"\" srcset=\"https:\/\/noselocuentesanadie.com\/enpade\/wp-content\/uploads\/2026\/01\/Programa-de-madres-adolescentes-Venezuela-2048x815-1.png 2048w, https:\/\/noselocuentesanadie.com\/enpade\/wp-content\/uploads\/2026\/01\/Programa-de-madres-adolescentes-Venezuela-2048x815-1-600x239.png 600w, https:\/\/noselocuentesanadie.com\/enpade\/wp-content\/uploads\/2026\/01\/Programa-de-madres-adolescentes-Venezuela-2048x815-1-300x119.png 300w, https:\/\/noselocuentesanadie.com\/enpade\/wp-content\/uploads\/2026\/01\/Programa-de-madres-adolescentes-Venezuela-2048x815-1-1024x408.png 1024w, https:\/\/noselocuentesanadie.com\/enpade\/wp-content\/uploads\/2026\/01\/Programa-de-madres-adolescentes-Venezuela-2048x815-1-768x306.png 768w, https:\/\/noselocuentesanadie.com\/enpade\/wp-content\/uploads\/2026\/01\/Programa-de-madres-adolescentes-Venezuela-2048x815-1-1536x611.png 1536w\" sizes=\"(max-width: 2048px) 100vw, 2048px\" \/><\/div><\/a>\n\t\t\t\t<div class=\"elementor-post__badge\">Noticias<\/div>\n\t\t\t\t<div class=\"elementor-post__text\">\n\t\t\t\t<h5 class=\"elementor-post__title\">\n\t\t\t<a href=\"https:\/\/noselocuentesanadie.com\/enpade\/llega-el-dia-de-la-madre-y-nosotros-tenemos-25\/\" >\n\t\t\t\tLlega el D\u00eda de la Madre\u2026 \u00a1y nosotros tenemos 25!\t\t\t<\/a>\n\t\t<\/h5>\n\t\t\t\t<\/div>\n\t\t\t\t<div class=\"elementor-post__meta-data\">\n\t\t\t\t\t<span class=\"elementor-post-author\">\n\t\t\tadmin\t\t<\/span>\n\t\t\t\t<span class=\"elementor-post-date\">\n\t\t\tmarzo 19, 2026\t\t<\/span>\n\t\t\t\t<\/div>\n\t\t\t\t\t<\/div>\n\t\t<\/article>\n\t\t\t\t<article class=\"elementor-post elementor-grid-item post-225 post type-post status-publish format-standard has-post-thumbnail hentry category-noticias\" role=\"listitem\">\n\t\t\t<div class=\"elementor-post__card\">\n\t\t\t\t<a class=\"elementor-post__thumbnail__link\" href=\"https:\/\/noselocuentesanadie.com\/enpade\/programa-de-oficios-del-centro-integral-de-la-mujer\/\" tabindex=\"-1\" ><div class=\"elementor-post__thumbnail\"><img loading=\"lazy\" decoding=\"async\" width=\"810\" height=\"607\" src=\"https:\/\/noselocuentesanadie.com\/enpade\/wp-content\/uploads\/2026\/01\/CEFIM2-1.jpg\" class=\"attachment-full size-full wp-image-226\" alt=\"\" srcset=\"https:\/\/noselocuentesanadie.com\/enpade\/wp-content\/uploads\/2026\/01\/CEFIM2-1.jpg 810w, https:\/\/noselocuentesanadie.com\/enpade\/wp-content\/uploads\/2026\/01\/CEFIM2-1-600x450.jpg 600w, https:\/\/noselocuentesanadie.com\/enpade\/wp-content\/uploads\/2026\/01\/CEFIM2-1-300x225.jpg 300w, https:\/\/noselocuentesanadie.com\/enpade\/wp-content\/uploads\/2026\/01\/CEFIM2-1-768x576.jpg 768w\" sizes=\"(max-width: 810px) 100vw, 810px\" \/><\/div><\/a>\n\t\t\t\t<div class=\"elementor-post__badge\">Noticias<\/div>\n\t\t\t\t<div class=\"elementor-post__text\">\n\t\t\t\t<h5 class=\"elementor-post__title\">\n\t\t\t<a href=\"https:\/\/noselocuentesanadie.com\/enpade\/programa-de-oficios-del-centro-integral-de-la-mujer\/\" >\n\t\t\t\tPrograma de Oficios del Centro Integral de la Mujer\t\t\t<\/a>\n\t\t<\/h5>\n\t\t\t\t<\/div>\n\t\t\t\t<div class=\"elementor-post__meta-data\">\n\t\t\t\t\t<span class=\"elementor-post-author\">\n\t\t\tadmin\t\t<\/span>\n\t\t\t\t<span class=\"elementor-post-date\">\n\t\t\tmarzo 19, 2026\t\t<\/span>\n\t\t\t\t<\/div>\n\t\t\t\t\t<\/div>\n\t\t<\/article>\n\t\t\t\t<\/div>\n\t\t\n\t\t\t\t\t\t<\/div>\n\t\t\t\t<\/div>\n\t\t\t\t<\/div>\n\t\t\t\t\t<\/div>\n\t\t\t\t<\/div>\n\t\t\t\t<\/div>\n\t\t","protected":false},"excerpt":{"rendered":"<p>Qui\u00e9nes somos \u00daNETE Y TRANSFORMA VIDAS \u00bfQu\u00e9 es ENPADE? ENPADE, Entidad Promotora del Desarrollo, es una Fundaci\u00f3n privada, de cooperaci\u00f3n al desarrollo y ayuda a<\/p>\n","protected":false},"author":1,"featured_media":0,"parent":0,"menu_order":0,"comment_status":"closed","ping_status":"closed","template":"elementor_header_footer","meta":{"_joinchat":[],"footnotes":""},"class_list":["post-341","page","type-page","status-publish","hentry"],"_links":{"self":[{"href":"https:\/\/noselocuentesanadie.com\/enpade\/wp-json\/wp\/v2\/pages\/341","targetHints":{"allow":["GET"]}}],"collection":[{"href":"https:\/\/noselocuentesanadie.com\/enpade\/wp-json\/wp\/v2\/pages"}],"about":[{"href":"https:\/\/noselocuentesanadie.com\/enpade\/wp-json\/wp\/v2\/types\/page"}],"author":[{"embeddable":true,"href":"https:\/\/noselocuentesanadie.com\/enpade\/wp-json\/wp\/v2\/users\/1"}],"replies":[{"embeddable":true,"href":"https:\/\/noselocuentesanadie.com\/enpade\/wp-json\/wp\/v2\/comments?post=341"}],"version-history":[{"count":19,"href":"https:\/\/noselocuentesanadie.com\/enpade\/wp-json\/wp\/v2\/pages\/341\/revisions"}],"predecessor-version":[{"id":532,"href":"https:\/\/noselocuentesanadie.com\/enpade\/wp-json\/wp\/v2\/pages\/341\/revisions\/532"}],"wp:attachment":[{"href":"https:\/\/noselocuentesanadie.com\/enpade\/wp-json\/wp\/v2\/media?parent=341"}],"curies":[{"name":"wp","href":"https:\/\/api.w.org\/{rel}","templated":true}]}}