{"id":358,"date":"2026-02-05T19:51:30","date_gmt":"2026-02-05T19:51:30","guid":{"rendered":"https:\/\/noselocuentesanadie.com\/enpade\/?page_id=358"},"modified":"2026-04-15T10:08:37","modified_gmt":"2026-04-15T10:08:37","slug":"voluntarios","status":"publish","type":"page","link":"https:\/\/noselocuentesanadie.com\/enpade\/voluntarios\/","title":{"rendered":"Voluntarios"},"content":{"rendered":"\t\t<div data-elementor-type=\"wp-page\" data-elementor-id=\"358\" class=\"elementor elementor-358\" data-elementor-post-type=\"page\">\n\t\t\t\t\t\t<section class=\"elementor-section elementor-top-section elementor-element elementor-element-1f9edb9 elementor-section-boxed elementor-section-height-default elementor-section-height-default\" data-id=\"1f9edb9\" data-element_type=\"section\" data-e-type=\"section\" data-settings=\"{&quot;background_background&quot;:&quot;classic&quot;}\">\n\t\t\t\t\t\t\t<div class=\"elementor-background-overlay\"><\/div>\n\t\t\t\t\t\t\t<div class=\"elementor-container elementor-column-gap-no\">\n\t\t\t\t\t<div class=\"elementor-column elementor-col-100 elementor-top-column elementor-element elementor-element-7551ef9\" data-id=\"7551ef9\" data-element_type=\"column\" data-e-type=\"column\" data-settings=\"{&quot;background_background&quot;:&quot;classic&quot;}\">\n\t\t\t<div class=\"elementor-widget-wrap elementor-element-populated\">\n\t\t\t\t\t\t<div class=\"elementor-element elementor-element-80aa635 elementor-widget elementor-widget-heading\" data-id=\"80aa635\" data-element_type=\"widget\" data-e-type=\"widget\" data-widget_type=\"heading.default\">\n\t\t\t\t\t<h1 class=\"elementor-heading-title elementor-size-default\">Hazte voluntario<\/h1>\t\t\t\t<\/div>\n\t\t\t\t\t<\/div>\n\t\t<\/div>\n\t\t\t\t\t<\/div>\n\t\t<\/section>\n\t\t<div class=\"elementor-element elementor-element-677ece3 e-flex e-con-boxed e-con e-parent\" data-id=\"677ece3\" data-element_type=\"container\" data-e-type=\"container\" data-settings=\"{&quot;background_background&quot;:&quot;classic&quot;}\">\n\t\t\t\t\t<div class=\"e-con-inner\">\n\t\t<div class=\"elementor-element elementor-element-5e07a88 e-con-full e-flex e-con e-child\" data-id=\"5e07a88\" data-element_type=\"container\" data-e-type=\"container\">\n\t\t\t\t<div class=\"elementor-element elementor-element-be739bc elementor-widget elementor-widget-heading\" data-id=\"be739bc\" data-element_type=\"widget\" data-e-type=\"widget\" data-widget_type=\"heading.default\">\n\t\t\t\t\t<h2 class=\"elementor-heading-title elementor-size-default\">Hazte voluntario, ll\u00e9vate una hucha <br>a casa o a tu negocio<\/h2>\t\t\t\t<\/div>\n\t\t\t\t<div class=\"elementor-element elementor-element-31493b8 elementor-button-align-stretch elementor-widget elementor-widget-form\" data-id=\"31493b8\" data-element_type=\"widget\" data-e-type=\"widget\" data-settings=\"{&quot;step_next_label&quot;:&quot;Next&quot;,&quot;step_previous_label&quot;:&quot;Previous&quot;,&quot;button_width&quot;:&quot;100&quot;,&quot;step_type&quot;:&quot;number_text&quot;,&quot;step_icon_shape&quot;:&quot;circle&quot;}\" data-widget_type=\"form.default\">\n\t\t\t\t\t\t\t<form class=\"elementor-form\" method=\"post\" name=\"New Form\" aria-label=\"New Form\">\n\t\t\t<input type=\"hidden\" name=\"post_id\" value=\"358\"\/>\n\t\t\t<input type=\"hidden\" name=\"form_id\" value=\"31493b8\"\/>\n\t\t\t<input type=\"hidden\" name=\"referer_title\" value=\"\" \/>\n\n\t\t\t\n\t\t\t<div class=\"elementor-form-fields-wrapper elementor-labels-above\">\n\t\t\t\t\t\t\t\t<div class=\"elementor-field-type-text elementor-field-group elementor-column elementor-field-group-name elementor-col-50\">\n\t\t\t\t\t\t\t\t\t\t\t\t<label for=\"form-field-name\" class=\"elementor-field-label\">\n\t\t\t\t\t\t\t\tNombre\t\t\t\t\t\t\t<\/label>\n\t\t\t\t\t\t\t\t\t\t\t\t\t\t<input size=\"1\" type=\"text\" name=\"form_fields[name]\" id=\"form-field-name\" class=\"elementor-field elementor-size-sm  elementor-field-textual\" placeholder=\"Ingresa tu nombre\">\n\t\t\t\t\t\t\t\t\t\t\t<\/div>\n\t\t\t\t\t\t\t\t<div class=\"elementor-field-type-text elementor-field-group elementor-column elementor-field-group-field_8f67686 elementor-col-50\">\n\t\t\t\t\t\t\t\t\t\t\t\t<label for=\"form-field-field_8f67686\" class=\"elementor-field-label\">\n\t\t\t\t\t\t\t\tApellidos\t\t\t\t\t\t\t<\/label>\n\t\t\t\t\t\t\t\t\t\t\t\t\t\t<input size=\"1\" type=\"text\" name=\"form_fields[field_8f67686]\" id=\"form-field-field_8f67686\" class=\"elementor-field elementor-size-sm  elementor-field-textual\" placeholder=\"Ingresa tus apellidos\">\n\t\t\t\t\t\t\t\t\t\t\t<\/div>\n\t\t\t\t\t\t\t\t<div class=\"elementor-field-type-email elementor-field-group elementor-column elementor-field-group-email elementor-col-50 elementor-field-required\">\n\t\t\t\t\t\t\t\t\t\t\t\t<label for=\"form-field-email\" class=\"elementor-field-label\">\n\t\t\t\t\t\t\t\tEmail\t\t\t\t\t\t\t<\/label>\n\t\t\t\t\t\t\t\t\t\t\t\t\t\t<input size=\"1\" type=\"email\" name=\"form_fields[email]\" id=\"form-field-email\" class=\"elementor-field elementor-size-sm  elementor-field-textual\" placeholder=\"Tu email\" required=\"required\">\n\t\t\t\t\t\t\t\t\t\t\t<\/div>\n\t\t\t\t\t\t\t\t<div class=\"elementor-field-type-number elementor-field-group elementor-column elementor-field-group-field_6f77cfe elementor-col-50 elementor-field-required\">\n\t\t\t\t\t\t\t\t\t\t\t\t<label for=\"form-field-field_6f77cfe\" class=\"elementor-field-label\">\n\t\t\t\t\t\t\t\tTel\u00e9fono\t\t\t\t\t\t\t<\/label>\n\t\t\t\t\t\t\t\t\t<input type=\"number\" name=\"form_fields[field_6f77cfe]\" id=\"form-field-field_6f77cfe\" class=\"elementor-field elementor-size-sm  elementor-field-textual\" placeholder=\"Ingresa tu movil\" required=\"required\" min=\"\" max=\"\" >\n\t\t\t\t\t\t<\/div>\n\t\t\t\t\t\t\t\t<div class=\"elementor-field-type-number elementor-field-group elementor-column elementor-field-group-field_da3fc10 elementor-col-50\">\n\t\t\t\t\t\t\t\t\t\t\t\t<label for=\"form-field-field_da3fc10\" class=\"elementor-field-label\">\n\t\t\t\t\t\t\t\tN\u00famero de huchas\t\t\t\t\t\t\t<\/label>\n\t\t\t\t\t\t\t\t\t<input type=\"number\" name=\"form_fields[field_da3fc10]\" id=\"form-field-field_da3fc10\" class=\"elementor-field elementor-size-sm  elementor-field-textual\" placeholder=\"N\u00famero de huchas\" min=\"\" max=\"\" >\n\t\t\t\t\t\t<\/div>\n\t\t\t\t\t\t\t\t<div class=\"elementor-field-type-radio elementor-field-group elementor-column elementor-field-group-field_3886a01 elementor-col-50\">\n\t\t\t\t\t\t\t\t\t\t\t\t<label for=\"form-field-field_3886a01\" class=\"elementor-field-label\">\n\t\t\t\t\t\t\t\t\u00bfVoluntario?\t\t\t\t\t\t\t<\/label>\n\t\t\t\t\t\t<div class=\"elementor-field-subgroup  \"><span class=\"elementor-field-option\"><input type=\"radio\" value=\"Si\" id=\"form-field-field_3886a01-0\" name=\"form_fields[field_3886a01]\"> <label for=\"form-field-field_3886a01-0\">Si<\/label><\/span><span class=\"elementor-field-option\"><input type=\"radio\" value=\"No\" id=\"form-field-field_3886a01-1\" name=\"form_fields[field_3886a01]\"> <label for=\"form-field-field_3886a01-1\">No<\/label><\/span><\/div>\t\t\t\t<\/div>\n\t\t\t\t\t\t\t\t<div class=\"elementor-field-type-date elementor-field-group elementor-column elementor-field-group-field_47b91c3 elementor-col-50\">\n\t\t\t\t\t\t\t\t\t\t\t\t<label for=\"form-field-field_47b91c3\" class=\"elementor-field-label\">\n\t\t\t\t\t\t\t\tFecha de hoy\t\t\t\t\t\t\t<\/label>\n\t\t\t\t\t\t\n\t\t<input type=\"date\" name=\"form_fields[field_47b91c3]\" id=\"form-field-field_47b91c3\" class=\"elementor-field elementor-size-sm  elementor-field-textual elementor-date-field\" value=\"04\/18\/2026\" pattern=\"[0-9]{4}-[0-9]{2}-[0-9]{2}\">\n\t\t\t\t\t\t<\/div>\n\t\t\t\t\t\t\t\t<div class=\"elementor-field-group elementor-column elementor-field-type-submit elementor-col-100 e-form__buttons\">\n\t\t\t\t\t<button class=\"elementor-button elementor-size-sm\" type=\"submit\">\n\t\t\t\t\t\t<span class=\"elementor-button-content-wrapper\">\n\t\t\t\t\t\t\t\t\t\t\t\t\t\t\t\t\t\t\t\t\t\t<span class=\"elementor-button-text\">Enviar ahora<\/span>\n\t\t\t\t\t\t\t\t\t\t\t\t\t<\/span>\n\t\t\t\t\t<\/button>\n\t\t\t\t<\/div>\n\t\t\t<\/div>\n\t\t<\/form>\n\t\t\t\t\t\t<\/div>\n\t\t\t\t<div class=\"elementor-element elementor-element-06738e3 elementor-widget elementor-widget-text-editor\" data-id=\"06738e3\" data-element_type=\"widget\" data-e-type=\"widget\" data-widget_type=\"text-editor.default\">\n\t\t\t\t\t\t\t\t\t<p>Los Datos recogidos en este impreso van a ser incorporados a un fichero inform\u00e1tico bajo la responsabilidad de la Fundaci\u00f3n ENPADE, inscrita en el Registro de Fundaciones con el n\u00famero de registro 28\/1.107, usted tiene derecho a acceder a la informaci\u00f3n que le concierne recopilada en el mencionado fichero, rectificarla en el caso de ser err\u00f3nea o cancelarla, as\u00ed como oponerse a su tratamiento, dirigi\u00e9ndose por escrito a Fundaci\u00f3n ENPADE, Calle Alfredo Marquer\u00ede 9, 28034 Madrid.&nbsp;&nbsp;<br><a href=\"mailto:amigosenpade@gmail.com\">amigosenpade@gmail.com<\/a>&nbsp;TEL&nbsp;+34 919930661.&nbsp;<\/p>\n<p>Sede Barcelona: Calle Muntaner 435 entlo 2B, 08022 \u2013 Barcelona.&nbsp;<\/p><p><a href=\"mailto:enpadebarcelona@gmail.com\">enpadebarcelona@gmail.com<\/a>&nbsp;TEL: +34 936940461<\/p>\t\t\t\t\t\t\t\t<\/div>\n\t\t\t\t<\/div>\n\t\t\t\t\t<\/div>\n\t\t\t\t<\/div>\n\t\t\t\t<\/div>\n\t\t","protected":false},"excerpt":{"rendered":"<p>Hazte voluntario Hazte voluntario, ll\u00e9vate una hucha a casa o a tu negocio Los Datos recogidos en este impreso van a ser incorporados a un fichero inform\u00e1tico bajo la responsabilidad de la Fundaci\u00f3n ENPADE, inscrita en el Registro de Fundaciones con el n\u00famero de registro 28\/1.107, usted tiene derecho a acceder a la informaci\u00f3n que [&hellip;]<\/p>\n","protected":false},"author":1,"featured_media":0,"parent":0,"menu_order":0,"comment_status":"closed","ping_status":"closed","template":"elementor_header_footer","meta":{"_joinchat":[],"footnotes":""},"class_list":["post-358","page","type-page","status-publish","hentry"],"_links":{"self":[{"href":"https:\/\/noselocuentesanadie.com\/enpade\/wp-json\/wp\/v2\/pages\/358","targetHints":{"allow":["GET"]}}],"collection":[{"href":"https:\/\/noselocuentesanadie.com\/enpade\/wp-json\/wp\/v2\/pages"}],"about":[{"href":"https:\/\/noselocuentesanadie.com\/enpade\/wp-json\/wp\/v2\/types\/page"}],"author":[{"embeddable":true,"href":"https:\/\/noselocuentesanadie.com\/enpade\/wp-json\/wp\/v2\/users\/1"}],"replies":[{"embeddable":true,"href":"https:\/\/noselocuentesanadie.com\/enpade\/wp-json\/wp\/v2\/comments?post=358"}],"version-history":[{"count":13,"href":"https:\/\/noselocuentesanadie.com\/enpade\/wp-json\/wp\/v2\/pages\/358\/revisions"}],"predecessor-version":[{"id":827,"href":"https:\/\/noselocuentesanadie.com\/enpade\/wp-json\/wp\/v2\/pages\/358\/revisions\/827"}],"wp:attachment":[{"href":"https:\/\/noselocuentesanadie.com\/enpade\/wp-json\/wp\/v2\/media?parent=358"}],"curies":[{"name":"wp","href":"https:\/\/api.w.org\/{rel}","templated":true}]}}