{"id":517,"date":"2026-03-25T12:16:59","date_gmt":"2026-03-25T12:16:59","guid":{"rendered":"https:\/\/noselocuentesanadie.com\/enpade\/?page_id=517"},"modified":"2026-04-15T10:06:51","modified_gmt":"2026-04-15T10:06:51","slug":"hazte-socio","status":"publish","type":"page","link":"https:\/\/noselocuentesanadie.com\/enpade\/hazte-socio\/","title":{"rendered":"Hazte socio"},"content":{"rendered":"\t\t<div data-elementor-type=\"wp-page\" data-elementor-id=\"517\" class=\"elementor elementor-517\" data-elementor-post-type=\"page\">\n\t\t\t\t\t\t<section class=\"elementor-section elementor-top-section elementor-element elementor-element-1f9edb9 elementor-section-boxed elementor-section-height-default elementor-section-height-default\" data-id=\"1f9edb9\" data-element_type=\"section\" data-e-type=\"section\" data-settings=\"{&quot;background_background&quot;:&quot;classic&quot;}\">\n\t\t\t\t\t\t\t<div class=\"elementor-background-overlay\"><\/div>\n\t\t\t\t\t\t\t<div class=\"elementor-container elementor-column-gap-no\">\n\t\t\t\t\t<div class=\"elementor-column elementor-col-100 elementor-top-column elementor-element elementor-element-7551ef9\" data-id=\"7551ef9\" data-element_type=\"column\" data-e-type=\"column\" data-settings=\"{&quot;background_background&quot;:&quot;classic&quot;}\">\n\t\t\t<div class=\"elementor-widget-wrap elementor-element-populated\">\n\t\t\t\t\t\t<div class=\"elementor-element elementor-element-80aa635 elementor-widget elementor-widget-heading\" data-id=\"80aa635\" data-element_type=\"widget\" data-e-type=\"widget\" data-widget_type=\"heading.default\">\n\t\t\t\t\t<h1 class=\"elementor-heading-title elementor-size-default\">Hazte socio<\/h1>\t\t\t\t<\/div>\n\t\t\t\t\t<\/div>\n\t\t<\/div>\n\t\t\t\t\t<\/div>\n\t\t<\/section>\n\t\t<div class=\"elementor-element elementor-element-677ece3 e-flex e-con-boxed e-con e-parent\" data-id=\"677ece3\" data-element_type=\"container\" data-e-type=\"container\" data-settings=\"{&quot;background_background&quot;:&quot;classic&quot;}\">\n\t\t\t\t\t<div class=\"e-con-inner\">\n\t\t<div class=\"elementor-element elementor-element-5e07a88 e-con-full e-flex e-con e-child\" data-id=\"5e07a88\" data-element_type=\"container\" data-e-type=\"container\">\n\t\t\t\t<div class=\"elementor-element elementor-element-be739bc elementor-widget elementor-widget-heading\" data-id=\"be739bc\" data-element_type=\"widget\" data-e-type=\"widget\" data-widget_type=\"heading.default\">\n\t\t\t\t\t<h2 class=\"elementor-heading-title elementor-size-default\">\u00bfSab\u00edas qu\u00e9...?<\/h2>\t\t\t\t<\/div>\n\t\t\t\t<div class=\"elementor-element elementor-element-06738e3 elementor-widget elementor-widget-text-editor\" data-id=\"06738e3\" data-element_type=\"widget\" data-e-type=\"widget\" data-widget_type=\"text-editor.default\">\n\t\t\t\t\t\t\t\t\t<ul><li>El env\u00edo de un pal\u00e9 con ropa, alimentos, medicinas, etc tiene un coste de 1.100 euros<\/li><li>La construcci\u00f3n de un pozo tiene un coste aproximado de 1.405 euros<\/li><li>La compra de un generador el\u00e9ctrico tiene un coste aproximado de 1.094 euros<\/li><\/ul>\t\t\t\t\t\t\t\t<\/div>\n\t\t\t\t<div class=\"elementor-element elementor-element-b56f4b1 elementor-widget elementor-widget-text-editor\" data-id=\"b56f4b1\" data-element_type=\"widget\" data-e-type=\"widget\" data-widget_type=\"text-editor.default\">\n\t\t\t\t\t\t\t\t\t<p>\u00bfQuieres colaborar y ayudar a que acciones como \u00e9stas y m\u00e1s sean possibles? Rellena el formulario de abajo para aportar tu grano de arena y ayuda a mejorar la calidad de vida de muchas personas.<\/p>\t\t\t\t\t\t\t\t<\/div>\n\t\t\t\t<div class=\"elementor-element elementor-element-32a807e elementor-widget elementor-widget-heading\" data-id=\"32a807e\" data-element_type=\"widget\" data-e-type=\"widget\" data-widget_type=\"heading.default\">\n\t\t\t\t\t<h2 class=\"elementor-heading-title elementor-size-default\">Incentivos fiscales<\/h2>\t\t\t\t<\/div>\n\t\t\t\t<div class=\"elementor-element elementor-element-0d1ff2c elementor-widget elementor-widget-text-editor\" data-id=\"0d1ff2c\" data-element_type=\"widget\" data-e-type=\"widget\" data-widget_type=\"text-editor.default\">\n\t\t\t\t\t\t\t\t\t<p><b>En todos los casos<\/b>\u00a0de personas f\u00edsicas, la deducci\u00f3n fiscal m\u00ednima es<b>:<\/b><\/p>\t\t\t\t\t\t\t\t<\/div>\n\t\t\t\t<div class=\"elementor-element elementor-element-6e53b16 elementor-widget elementor-widget-text-editor\" data-id=\"6e53b16\" data-element_type=\"widget\" data-e-type=\"widget\" data-widget_type=\"text-editor.default\">\n\t\t\t\t\t\t\t\t\t<ul><li>el 80% en los 151 primeros euros de los donativos realizados.<\/li><li>el 35% en el resto de los euros de los donativos realizados.<\/li><\/ul>\t\t\t\t\t\t\t\t<\/div>\n\t\t\t\t<div class=\"elementor-element elementor-element-4664d15 elementor-widget elementor-widget-text-editor\" data-id=\"4664d15\" data-element_type=\"widget\" data-e-type=\"widget\" data-widget_type=\"text-editor.default\">\n\t\t\t\t\t\t\t\t\t<p>En el caso de que su donaci\u00f3n sea recurrente, es decir, que haya hecho un donativo a la Fundaci\u00f3n en los dos a\u00f1os anteriores, al menos por la misma cantidad, la deducci\u00f3n ser\u00e1 como sigue:<\/p>\t\t\t\t\t\t\t\t<\/div>\n\t\t\t\t<div class=\"elementor-element elementor-element-e7f7c45 elementor-widget elementor-widget-text-editor\" data-id=\"e7f7c45\" data-element_type=\"widget\" data-e-type=\"widget\" data-widget_type=\"text-editor.default\">\n\t\t\t\t\t\t\t\t\t<ul><li>el 80% en los 150 primeros euros de los donativos realizados.<\/li><li>el 40% en el resto de los euros de los donativos realizados.<\/li><\/ul>\t\t\t\t\t\t\t\t<\/div>\n\t\t\t\t<div class=\"elementor-element elementor-element-2582711 elementor-widget elementor-widget-heading\" data-id=\"2582711\" data-element_type=\"widget\" data-e-type=\"widget\" data-widget_type=\"heading.default\">\n\t\t\t\t\t<h2 class=\"elementor-heading-title elementor-size-default\">Ejemplo<\/h2>\t\t\t\t<\/div>\n\t\t\t\t<div class=\"elementor-element elementor-element-0cdaf16 elementor-widget elementor-widget-text-editor\" data-id=\"0cdaf16\" data-element_type=\"widget\" data-e-type=\"widget\" data-widget_type=\"text-editor.default\">\n\t\t\t\t\t\t\t\t\t<p>Si dona 150 euros al a\u00f1o a ENPADE \u2192 Paga 120 euros menos a Hacienda \u2192 S\u00f3lo te cuesta 30 euros<\/p>\t\t\t\t\t\t\t\t<\/div>\n\t\t\t\t<\/div>\n\t\t<div class=\"elementor-element elementor-element-a6a9ab3 e-con-full e-flex e-con e-child\" data-id=\"a6a9ab3\" data-element_type=\"container\" data-e-type=\"container\">\n\t\t\t\t<div class=\"elementor-element elementor-element-732a890 elementor-widget elementor-widget-heading\" data-id=\"732a890\" data-element_type=\"widget\" data-e-type=\"widget\" data-widget_type=\"heading.default\">\n\t\t\t\t\t<h2 class=\"elementor-heading-title elementor-size-default\">Hazte socio<\/h2>\t\t\t\t<\/div>\n\t\t\t\t<div class=\"elementor-element elementor-element-b65d4e7 elementor-widget elementor-widget-image\" data-id=\"b65d4e7\" data-element_type=\"widget\" data-e-type=\"widget\" data-widget_type=\"image.default\">\n\t\t\t\t\t\t\t\t\t\t\t\t\t\t\t<img fetchpriority=\"high\" decoding=\"async\" width=\"679\" height=\"370\" src=\"https:\/\/noselocuentesanadie.com\/enpade\/wp-content\/uploads\/2026\/03\/ongoing.png\" class=\"attachment-large size-large wp-image-519\" alt=\"\" srcset=\"https:\/\/noselocuentesanadie.com\/enpade\/wp-content\/uploads\/2026\/03\/ongoing.png 679w, https:\/\/noselocuentesanadie.com\/enpade\/wp-content\/uploads\/2026\/03\/ongoing-600x327.png 600w, https:\/\/noselocuentesanadie.com\/enpade\/wp-content\/uploads\/2026\/03\/ongoing-300x163.png 300w\" sizes=\"(max-width: 679px) 100vw, 679px\" \/>\t\t\t\t\t\t\t\t\t\t\t\t\t\t\t<\/div>\n\t\t\t\t<div class=\"elementor-element elementor-element-0ebfe08 elementor-align-justify elementor-widget elementor-widget-button\" data-id=\"0ebfe08\" data-element_type=\"widget\" data-e-type=\"widget\" data-widget_type=\"button.default\">\n\t\t\t\t\t\t\t\t\t\t<a class=\"elementor-button elementor-button-link elementor-size-sm\" href=\"https:\/\/ongiving.com\/donar-ong\/24\/info\">\n\t\t\t\t\t\t<span class=\"elementor-button-content-wrapper\">\n\t\t\t\t\t\t\t\t\t<span class=\"elementor-button-text\">\u00danete<\/span>\n\t\t\t\t\t<\/span>\n\t\t\t\t\t<\/a>\n\t\t\t\t\t\t\t\t<\/div>\n\t\t\t\t<\/div>\n\t\t\t\t\t<\/div>\n\t\t\t\t<\/div>\n\t\t\t\t<\/div>\n\t\t","protected":false},"excerpt":{"rendered":"<p>Hazte socio \u00bfSab\u00edas qu\u00e9&#8230;? El env\u00edo de un pal\u00e9 con ropa, alimentos, medicinas, etc tiene un coste de 1.100 euros La construcci\u00f3n de un pozo tiene un coste aproximado de 1.405 euros La compra de un generador el\u00e9ctrico tiene un coste aproximado de 1.094 euros \u00bfQuieres colaborar y ayudar a que acciones como \u00e9stas y [&hellip;]<\/p>\n","protected":false},"author":1,"featured_media":0,"parent":0,"menu_order":0,"comment_status":"closed","ping_status":"closed","template":"elementor_header_footer","meta":{"_joinchat":[],"footnotes":""},"class_list":["post-517","page","type-page","status-publish","hentry"],"_links":{"self":[{"href":"https:\/\/noselocuentesanadie.com\/enpade\/wp-json\/wp\/v2\/pages\/517","targetHints":{"allow":["GET"]}}],"collection":[{"href":"https:\/\/noselocuentesanadie.com\/enpade\/wp-json\/wp\/v2\/pages"}],"about":[{"href":"https:\/\/noselocuentesanadie.com\/enpade\/wp-json\/wp\/v2\/types\/page"}],"author":[{"embeddable":true,"href":"https:\/\/noselocuentesanadie.com\/enpade\/wp-json\/wp\/v2\/users\/1"}],"replies":[{"embeddable":true,"href":"https:\/\/noselocuentesanadie.com\/enpade\/wp-json\/wp\/v2\/comments?post=517"}],"version-history":[{"count":13,"href":"https:\/\/noselocuentesanadie.com\/enpade\/wp-json\/wp\/v2\/pages\/517\/revisions"}],"predecessor-version":[{"id":824,"href":"https:\/\/noselocuentesanadie.com\/enpade\/wp-json\/wp\/v2\/pages\/517\/revisions\/824"}],"wp:attachment":[{"href":"https:\/\/noselocuentesanadie.com\/enpade\/wp-json\/wp\/v2\/media?parent=517"}],"curies":[{"name":"wp","href":"https:\/\/api.w.org\/{rel}","templated":true}]}}