{"id":565,"date":"2026-03-26T11:40:34","date_gmt":"2026-03-26T11:40:34","guid":{"rendered":"https:\/\/noselocuentesanadie.com\/enpade\/?page_id=565"},"modified":"2026-03-30T17:08:37","modified_gmt":"2026-03-30T17:08:37","slug":"proyecto-cuba","status":"publish","type":"page","link":"https:\/\/noselocuentesanadie.com\/enpade\/proyecto-cuba\/","title":{"rendered":"Proyecto Cuba"},"content":{"rendered":"\t\t<div data-elementor-type=\"wp-page\" data-elementor-id=\"565\" class=\"elementor elementor-565\" data-elementor-post-type=\"page\">\n\t\t\t\t<div class=\"elementor-element elementor-element-43bdedfc e-flex e-con-boxed e-con e-parent\" data-id=\"43bdedfc\" data-element_type=\"container\" data-e-type=\"container\" data-settings=\"{&quot;background_background&quot;:&quot;classic&quot;}\">\n\t\t\t\t\t<div class=\"e-con-inner\">\n\t\t<div class=\"elementor-element elementor-element-3a380118 e-con-full e-flex e-con e-child\" data-id=\"3a380118\" data-element_type=\"container\" data-e-type=\"container\" data-settings=\"{&quot;background_background&quot;:&quot;classic&quot;}\">\n\t\t\t\t<div class=\"elementor-element elementor-element-50166e4 elementor-widget elementor-widget-heading\" data-id=\"50166e4\" data-element_type=\"widget\" data-e-type=\"widget\" data-widget_type=\"heading.default\">\n\t\t\t\t\t<h1 class=\"elementor-heading-title elementor-size-default\">Proyecto Cuba<\/h1>\t\t\t\t<\/div>\n\t\t\t\t<\/div>\n\t\t\t\t\t<\/div>\n\t\t\t\t<\/div>\n\t\t<div class=\"elementor-element elementor-element-58cc8df1 e-flex e-con-boxed e-con e-parent\" data-id=\"58cc8df1\" data-element_type=\"container\" data-e-type=\"container\">\n\t\t\t\t\t<div class=\"e-con-inner\">\n\t\t<div class=\"elementor-element elementor-element-69581b61 e-con-full e-flex e-con e-child\" data-id=\"69581b61\" data-element_type=\"container\" data-e-type=\"container\">\n\t\t\t\t<div class=\"elementor-element elementor-element-411fd937 elementor-widget elementor-widget-heading\" data-id=\"411fd937\" data-element_type=\"widget\" data-e-type=\"widget\" data-widget_type=\"heading.default\">\n\t\t\t\t\t<h3 class=\"elementor-heading-title elementor-size-default\">Alimentos y productos sanitarios para paliar la situaci\u00f3n de emergencia social<\/h3>\t\t\t\t<\/div>\n\t\t<div class=\"elementor-element elementor-element-23c1e0e2 e-con-full e-flex e-con e-child\" data-id=\"23c1e0e2\" data-element_type=\"container\" data-e-type=\"container\" data-settings=\"{&quot;background_background&quot;:&quot;classic&quot;}\">\n\t\t<div class=\"elementor-element elementor-element-163c0b9e e-con-full e-flex e-con e-child\" data-id=\"163c0b9e\" data-element_type=\"container\" data-e-type=\"container\">\n\t\t\t\t<div class=\"elementor-element elementor-element-7ebb4f4 elementor-widget elementor-widget-elementskit-heading\" data-id=\"7ebb4f4\" data-element_type=\"widget\" data-e-type=\"widget\" data-widget_type=\"elementskit-heading.default\">\n\t\t\t\t\t<div class=\"ekit-wid-con\" ><div class=\"ekit-heading elementskit-section-title-wraper text_left   ekit_heading_tablet-text_center   ekit_heading_mobile-\"><p class=\"elementskit-section-subtitle  \">\n\t\t\t\t\t\tRECAUDADO\n\t\t\t\t\t<\/p><h6 class=\"ekit-heading--title elementskit-section-title \">\u20ac400<\/h6><\/div><\/div>\t\t\t\t<\/div>\n\t\t\t\t<\/div>\n\t\t<div class=\"elementor-element elementor-element-414c0729 e-con-full e-flex e-con e-child\" data-id=\"414c0729\" data-element_type=\"container\" data-e-type=\"container\">\n\t\t\t\t<div class=\"elementor-element elementor-element-5f888431 elementor-widget elementor-widget-elementskit-heading\" data-id=\"5f888431\" data-element_type=\"widget\" data-e-type=\"widget\" data-widget_type=\"elementskit-heading.default\">\n\t\t\t\t\t<div class=\"ekit-wid-con\" ><div class=\"ekit-heading elementskit-section-title-wraper text_left   ekit_heading_tablet-text_center   ekit_heading_mobile-\"><p class=\"elementskit-section-subtitle  \">\n\t\t\t\t\t\tOBJETIVO\n\t\t\t\t\t<\/p><h5 class=\"ekit-heading--title elementskit-section-title \">\u20ac4.000<\/h5><\/div><\/div>\t\t\t\t<\/div>\n\t\t\t\t<\/div>\n\t\t<div class=\"elementor-element elementor-element-2ec53ca4 e-con-full e-flex e-con e-child\" data-id=\"2ec53ca4\" data-element_type=\"container\" data-e-type=\"container\">\n\t\t\t\t<div class=\"elementor-element elementor-element-4c34843f elementor-widget elementor-widget-elementskit-heading\" data-id=\"4c34843f\" data-element_type=\"widget\" data-e-type=\"widget\" data-widget_type=\"elementskit-heading.default\">\n\t\t\t\t\t<div class=\"ekit-wid-con\" ><div class=\"ekit-heading elementskit-section-title-wraper text_left   ekit_heading_tablet-text_center   ekit_heading_mobile-\"><p class=\"elementskit-section-subtitle  \">\n\t\t\t\t\t\tFINALIZACI\u00d3N\n\t\t\t\t\t<\/p><h5 class=\"ekit-heading--title elementskit-section-title \">01\/06\/2026<\/h5><\/div><\/div>\t\t\t\t<\/div>\n\t\t\t\t<\/div>\n\t\t\t\t<\/div>\n\t\t\t\t<div class=\"elementor-element elementor-element-43ec052a elementor-widget elementor-widget-image\" data-id=\"43ec052a\" data-element_type=\"widget\" data-e-type=\"widget\" data-widget_type=\"image.default\">\n\t\t\t\t\t\t\t\t\t\t\t\t\t\t\t<img fetchpriority=\"high\" decoding=\"async\" width=\"800\" height=\"534\" src=\"https:\/\/noselocuentesanadie.com\/enpade\/wp-content\/uploads\/2026\/03\/PHOTO-2025-03-06-22-29-26-2-1024x683.jpg\" class=\"attachment-large size-large wp-image-587\" alt=\"\" srcset=\"https:\/\/noselocuentesanadie.com\/enpade\/wp-content\/uploads\/2026\/03\/PHOTO-2025-03-06-22-29-26-2-1024x683.jpg 1024w, https:\/\/noselocuentesanadie.com\/enpade\/wp-content\/uploads\/2026\/03\/PHOTO-2025-03-06-22-29-26-2-600x400.jpg 600w, https:\/\/noselocuentesanadie.com\/enpade\/wp-content\/uploads\/2026\/03\/PHOTO-2025-03-06-22-29-26-2-300x200.jpg 300w, https:\/\/noselocuentesanadie.com\/enpade\/wp-content\/uploads\/2026\/03\/PHOTO-2025-03-06-22-29-26-2-768x512.jpg 768w, https:\/\/noselocuentesanadie.com\/enpade\/wp-content\/uploads\/2026\/03\/PHOTO-2025-03-06-22-29-26-2.jpg 1200w\" sizes=\"(max-width: 800px) 100vw, 800px\" \/>\t\t\t\t\t\t\t\t\t\t\t\t\t\t\t<\/div>\n\t\t\t\t<div class=\"elementor-element elementor-element-7afbb46a elementor-widget elementor-widget-text-editor\" data-id=\"7afbb46a\" data-element_type=\"widget\" data-e-type=\"widget\" data-widget_type=\"text-editor.default\">\n\t\t\t\t\t\t\t\t\t<p>Fundaci\u00f3n ENPADE colabora con el Proyecto Puente Cuba, de la ONG Act\u00faa Siglo XXI, que proporciona bienes de primera necesidad a miles de personas en Cuba.<\/p><p>En 2025 se enviaron 20 contenedores que en total superan las 200 toneladas de material humanitario. En 2026 Fundaci\u00f3n ENPADE necesita donaciones en especie y 10.000 \u20ac para colaborar con este proyecto.<\/p><p>El proyecto tiene un enfoque m\u00e1s amplio: su objetivo principal es mejorar las condiciones de vida en Cuba, promoviendo el desarrollo integral de las personas. Y en esta l\u00ednea se trabaja en diferentes \u00e1mbitos. El env\u00edo de bienes de primera necesidad es un \u00e1mbito b\u00e1sico y actualmente cr\u00edtico en la situaci\u00f3n de emergencia social y econ\u00f3mica que se vive en la isla.<\/p><p>Desde hace m\u00e1s de diez a\u00f1os la ONG Act\u00faa Siglo XXI env\u00eda a familias cubanas alimentos, productos sanitarios, vitaminas y prote\u00ednas, ropa, etc\u00e9tera. <br \/>En los \u00faltimos a\u00f1os los env\u00edos han aumentado exponencialmente, aunque no tanto como las necesidades. Y la distribuci\u00f3n local de la ayuda la coordina la Conferencia Episcopal de Cuba, a trav\u00e9s de hospitales, residencias y parroquias para que entregar la ayuda con garant\u00edas. En 2025 se enviaron 20 contenedores que en total superan las 200 toneladas de bienes de primera necesidad.<\/p><p>El grupo de voluntarios \u00abPuente Cuba\u00bb dedica su tiempo y recursos para aliviar la situaci\u00f3n de extrema pobreza que afronta la poblaci\u00f3n cubana. En un contexto de gran carencia, la Iglesia Cat\u00f3lica de Cuba trabaja incansablemente para mitigar esta realidad, y el Proyecto Puente Cuba apoya sus esfuerzos.<\/p><p>El Proyecto se dirige tambi\u00e9n a establecer v\u00ednculos de amistad, dar consuelo y comprensi\u00f3n, y compartir experiencias que enriquecen las vidas de los cubanos y de los cooperantes de formas inimaginables. Voluntarios del proyecto viajan desde Espa\u00f1a y pasan varias semanas en la isla visitando a decenas de personas, desde responsables de la distribuci\u00f3n de la ayuda hasta familias, ancianos y enfermos.<\/p><p>Adem\u00e1s del trabajo de los voluntarios, buscamos la colaboraci\u00f3n de instituciones y personas que nos proporcionan bienes y recursos financieros. Esta red de solidaridad trabaja de manera desinteresada, con profesionalidad y entusiasmo.<\/p>\t\t\t\t\t\t\t\t<\/div>\n\t\t\t\t<div class=\"elementor-element elementor-element-2917dc26 elementor-pagination-position-outside elementor-widget elementor-widget-image-carousel\" data-id=\"2917dc26\" data-element_type=\"widget\" data-e-type=\"widget\" data-settings=\"{&quot;slides_to_show&quot;:&quot;2&quot;,&quot;navigation&quot;:&quot;dots&quot;,&quot;autoplay&quot;:&quot;yes&quot;,&quot;pause_on_hover&quot;:&quot;yes&quot;,&quot;pause_on_interaction&quot;:&quot;yes&quot;,&quot;autoplay_speed&quot;:5000,&quot;infinite&quot;:&quot;yes&quot;,&quot;speed&quot;:500,&quot;image_spacing_custom&quot;:{&quot;unit&quot;:&quot;px&quot;,&quot;size&quot;:20,&quot;sizes&quot;:[]},&quot;image_spacing_custom_tablet&quot;:{&quot;unit&quot;:&quot;px&quot;,&quot;size&quot;:&quot;&quot;,&quot;sizes&quot;:[]},&quot;image_spacing_custom_mobile&quot;:{&quot;unit&quot;:&quot;px&quot;,&quot;size&quot;:&quot;&quot;,&quot;sizes&quot;:[]}}\" data-widget_type=\"image-carousel.default\">\n\t\t\t\t\t\t\t<div class=\"elementor-image-carousel-wrapper swiper\" role=\"region\" aria-roledescription=\"carousel\" aria-label=\"Carrusel de im\u00e1genes\" dir=\"ltr\">\n\t\t\t<div class=\"elementor-image-carousel swiper-wrapper\" aria-live=\"off\">\n\t\t\t\t\t\t\t\t<div class=\"swiper-slide\" role=\"group\" aria-roledescription=\"slide\" aria-label=\"1 de 4\"><a data-elementor-open-lightbox=\"yes\" data-elementor-lightbox-slideshow=\"2917dc26\" data-e-action-hash=\"#elementor-action%3Aaction%3Dlightbox%26settings%3DeyJpZCI6NTg0LCJ1cmwiOiJodHRwczpcL1wvbm9zZWxvY3VlbnRlc2FuYWRpZS5jb21cL2VucGFkZVwvd3AtY29udGVudFwvdXBsb2Fkc1wvMjAyNlwvMDNcL1BIT1RPLTIwMjUtMDItMjItMTktNDMtNTgtMS5qcGciLCJzbGlkZXNob3ciOiIyOTE3ZGMyNiJ9\" href=\"https:\/\/noselocuentesanadie.com\/enpade\/wp-content\/uploads\/2026\/03\/PHOTO-2025-02-22-19-43-58-1.jpg\"><figure class=\"swiper-slide-inner\"><img decoding=\"async\" class=\"swiper-slide-image\" src=\"https:\/\/noselocuentesanadie.com\/enpade\/wp-content\/uploads\/2026\/03\/PHOTO-2025-02-22-19-43-58-1.jpg\" alt=\"\" \/><\/figure><\/a><\/div><div class=\"swiper-slide\" role=\"group\" aria-roledescription=\"slide\" aria-label=\"2 de 4\"><a data-elementor-open-lightbox=\"yes\" data-elementor-lightbox-slideshow=\"2917dc26\" data-e-action-hash=\"#elementor-action%3Aaction%3Dlightbox%26settings%3DeyJpZCI6NTg1LCJ1cmwiOiJodHRwczpcL1wvbm9zZWxvY3VlbnRlc2FuYWRpZS5jb21cL2VucGFkZVwvd3AtY29udGVudFwvdXBsb2Fkc1wvMjAyNlwvMDNcL1BIT1RPLTIwMjUtMDItMjItMTktNDMtNTgtMi5qcGciLCJzbGlkZXNob3ciOiIyOTE3ZGMyNiJ9\" href=\"https:\/\/noselocuentesanadie.com\/enpade\/wp-content\/uploads\/2026\/03\/PHOTO-2025-02-22-19-43-58-2.jpg\"><figure class=\"swiper-slide-inner\"><img decoding=\"async\" class=\"swiper-slide-image\" src=\"https:\/\/noselocuentesanadie.com\/enpade\/wp-content\/uploads\/2026\/03\/PHOTO-2025-02-22-19-43-58-2.jpg\" alt=\"\" \/><\/figure><\/a><\/div><div class=\"swiper-slide\" role=\"group\" aria-roledescription=\"slide\" aria-label=\"3 de 4\"><a data-elementor-open-lightbox=\"yes\" data-elementor-lightbox-slideshow=\"2917dc26\" data-e-action-hash=\"#elementor-action%3Aaction%3Dlightbox%26settings%3DeyJpZCI6NTg4LCJ1cmwiOiJodHRwczpcL1wvbm9zZWxvY3VlbnRlc2FuYWRpZS5jb21cL2VucGFkZVwvd3AtY29udGVudFwvdXBsb2Fkc1wvMjAyNlwvMDNcL1BIT1RPLTIwMjUtMDMtMTctMDgtMTUtNTMuanBnIiwic2xpZGVzaG93IjoiMjkxN2RjMjYifQ%3D%3D\" href=\"https:\/\/noselocuentesanadie.com\/enpade\/wp-content\/uploads\/2026\/03\/PHOTO-2025-03-17-08-15-53.jpg\"><figure class=\"swiper-slide-inner\"><img decoding=\"async\" class=\"swiper-slide-image\" src=\"https:\/\/noselocuentesanadie.com\/enpade\/wp-content\/uploads\/2026\/03\/PHOTO-2025-03-17-08-15-53.jpg\" alt=\"\" \/><\/figure><\/a><\/div><div class=\"swiper-slide\" role=\"group\" aria-roledescription=\"slide\" aria-label=\"4 de 4\"><a data-elementor-open-lightbox=\"yes\" data-elementor-lightbox-slideshow=\"2917dc26\" data-e-action-hash=\"#elementor-action%3Aaction%3Dlightbox%26settings%3DeyJpZCI6NTg2LCJ1cmwiOiJodHRwczpcL1wvbm9zZWxvY3VlbnRlc2FuYWRpZS5jb21cL2VucGFkZVwvd3AtY29udGVudFwvdXBsb2Fkc1wvMjAyNlwvMDNcL1BIT1RPLTIwMjUtMDMtMDItMTQtMjEtMDIuanBnIiwic2xpZGVzaG93IjoiMjkxN2RjMjYifQ%3D%3D\" href=\"https:\/\/noselocuentesanadie.com\/enpade\/wp-content\/uploads\/2026\/03\/PHOTO-2025-03-02-14-21-02.jpg\"><figure class=\"swiper-slide-inner\"><img decoding=\"async\" class=\"swiper-slide-image\" src=\"https:\/\/noselocuentesanadie.com\/enpade\/wp-content\/uploads\/2026\/03\/PHOTO-2025-03-02-14-21-02.jpg\" alt=\"\" \/><\/figure><\/a><\/div>\t\t\t<\/div>\n\t\t\t\t\t\t\t\n\t\t\t\t\t\t\t\t\t<div class=\"swiper-pagination\"><\/div>\n\t\t\t\t\t\t\t\t\t<\/div>\n\t\t\t\t\t\t<\/div>\n\t\t\t\t<\/div>\n\t\t<div class=\"elementor-element elementor-element-26296204 e-con-full e-flex e-con e-child\" data-id=\"26296204\" data-element_type=\"container\" data-e-type=\"container\">\n\t\t<div class=\"elementor-element elementor-element-7a34295 e-con-full e-flex e-con e-child\" data-id=\"7a34295\" data-element_type=\"container\" data-e-type=\"container\" data-settings=\"{&quot;sticky&quot;:&quot;top&quot;,&quot;sticky_parent&quot;:&quot;yes&quot;,&quot;sticky_on&quot;:[&quot;desktop&quot;,&quot;tablet&quot;,&quot;mobile&quot;],&quot;sticky_offset&quot;:0,&quot;sticky_effects_offset&quot;:0,&quot;sticky_anchor_link_offset&quot;:0}\">\n\t\t<div class=\"elementor-element elementor-element-3399dc4a e-con-full e-flex e-con e-child\" data-id=\"3399dc4a\" data-element_type=\"container\" data-e-type=\"container\" data-settings=\"{&quot;background_background&quot;:&quot;classic&quot;}\">\n\t\t\t\t<div class=\"elementor-element elementor-element-53e16597 elementor-widget elementor-widget-heading\" data-id=\"53e16597\" data-element_type=\"widget\" data-e-type=\"widget\" data-widget_type=\"heading.default\">\n\t\t\t\t\t<h4 class=\"elementor-heading-title elementor-size-default\">\u00a1Cambiemos el mundo juntos ahora!<\/h4>\t\t\t\t<\/div>\n\t\t\t\t<div class=\"elementor-element elementor-element-184379d3 elementor-widget elementor-widget-text-editor\" data-id=\"184379d3\" data-element_type=\"widget\" data-e-type=\"widget\" data-widget_type=\"text-editor.default\">\n\t\t\t\t\t\t\t\t\t<p>Cada aportaci\u00f3n suma para llevar alimento, refugio y esperanza a quienes m\u00e1s lo necesitan. Tu ayuda hoy puede cambiar muchas vidas.<\/p>\t\t\t\t\t\t\t\t<\/div>\n\t\t\t\t<div class=\"elementor-element elementor-element-5a1c04d0 elementor-align-center elementor-widget elementor-widget-button\" data-id=\"5a1c04d0\" data-element_type=\"widget\" data-e-type=\"widget\" data-widget_type=\"button.default\">\n\t\t\t\t\t\t\t\t\t\t<a class=\"elementor-button elementor-button-link elementor-size-sm\" href=\"https:\/\/ongiving.com\/donar-ong\/24\/info\">\n\t\t\t\t\t\t<span class=\"elementor-button-content-wrapper\">\n\t\t\t\t\t\t\t\t\t<span class=\"elementor-button-text\">Donar<\/span>\n\t\t\t\t\t<\/span>\n\t\t\t\t\t<\/a>\n\t\t\t\t\t\t\t\t<\/div>\n\t\t\t\t<\/div>\n\t\t<div class=\"elementor-element elementor-element-1a59fc7 e-con-full e-flex e-con e-child\" data-id=\"1a59fc7\" data-element_type=\"container\" data-e-type=\"container\">\n\t\t<div class=\"elementor-element elementor-element-d32703e e-con-full e-flex e-con e-child\" data-id=\"d32703e\" data-element_type=\"container\" data-e-type=\"container\" data-settings=\"{&quot;background_background&quot;:&quot;classic&quot;}\">\n\t\t\t\t<div class=\"elementor-element elementor-element-19ca9ac elementor-align-justify elementor-widget elementor-widget-button\" data-id=\"19ca9ac\" data-element_type=\"widget\" data-e-type=\"widget\" data-widget_type=\"button.default\">\n\t\t\t\t\t\t\t\t\t\t<a class=\"elementor-button elementor-button-link elementor-size-sm\" href=\"https:\/\/noselocuentesanadie.com\/enpade\/proyectos\/#proyectos\">\n\t\t\t\t\t\t<span class=\"elementor-button-content-wrapper\">\n\t\t\t\t\t\t\t\t\t<span class=\"elementor-button-text\">Ver otros proyectos<\/span>\n\t\t\t\t\t<\/span>\n\t\t\t\t\t<\/a>\n\t\t\t\t\t\t\t\t<\/div>\n\t\t\t\t<\/div>\n\t\t\t\t<\/div>\n\t\t\t\t<\/div>\n\t\t\t\t<\/div>\n\t\t\t\t\t<\/div>\n\t\t\t\t<\/div>\n\t\t\t\t<\/div>\n\t\t","protected":false},"excerpt":{"rendered":"<p>Proyecto Cuba Alimentos y productos sanitarios para paliar la situaci\u00f3n de emergencia social RECAUDADO \u20ac400 OBJETIVO \u20ac4.000 FINALIZACI\u00d3N 01\/06\/2026 Fundaci\u00f3n ENPADE colabora con el Proyecto Puente Cuba, de la ONG Act\u00faa Siglo XXI, que proporciona bienes de primera necesidad a miles de personas en Cuba. En 2025 se enviaron 20 contenedores que en total superan [&hellip;]<\/p>\n","protected":false},"author":1,"featured_media":0,"parent":0,"menu_order":0,"comment_status":"closed","ping_status":"closed","template":"","meta":{"_joinchat":[],"footnotes":""},"class_list":["post-565","page","type-page","status-publish","hentry"],"_links":{"self":[{"href":"https:\/\/noselocuentesanadie.com\/enpade\/wp-json\/wp\/v2\/pages\/565","targetHints":{"allow":["GET"]}}],"collection":[{"href":"https:\/\/noselocuentesanadie.com\/enpade\/wp-json\/wp\/v2\/pages"}],"about":[{"href":"https:\/\/noselocuentesanadie.com\/enpade\/wp-json\/wp\/v2\/types\/page"}],"author":[{"embeddable":true,"href":"https:\/\/noselocuentesanadie.com\/enpade\/wp-json\/wp\/v2\/users\/1"}],"replies":[{"embeddable":true,"href":"https:\/\/noselocuentesanadie.com\/enpade\/wp-json\/wp\/v2\/comments?post=565"}],"version-history":[{"count":24,"href":"https:\/\/noselocuentesanadie.com\/enpade\/wp-json\/wp\/v2\/pages\/565\/revisions"}],"predecessor-version":[{"id":760,"href":"https:\/\/noselocuentesanadie.com\/enpade\/wp-json\/wp\/v2\/pages\/565\/revisions\/760"}],"wp:attachment":[{"href":"https:\/\/noselocuentesanadie.com\/enpade\/wp-json\/wp\/v2\/media?parent=565"}],"curies":[{"name":"wp","href":"https:\/\/api.w.org\/{rel}","templated":true}]}}