{"id":645,"date":"2026-03-30T10:34:23","date_gmt":"2026-03-30T10:34:23","guid":{"rendered":"https:\/\/noselocuentesanadie.com\/enpade\/?page_id=645"},"modified":"2026-03-30T18:36:48","modified_gmt":"2026-03-30T18:36:48","slug":"proyecto-kenia","status":"publish","type":"page","link":"https:\/\/noselocuentesanadie.com\/enpade\/proyecto-kenia\/","title":{"rendered":"Proyecto Kenia"},"content":{"rendered":"\t\t<div data-elementor-type=\"wp-page\" data-elementor-id=\"645\" class=\"elementor elementor-645\" data-elementor-post-type=\"page\">\n\t\t\t\t<div class=\"elementor-element elementor-element-43bdedfc e-flex e-con-boxed e-con e-parent\" data-id=\"43bdedfc\" data-element_type=\"container\" data-e-type=\"container\" data-settings=\"{&quot;background_background&quot;:&quot;classic&quot;}\">\n\t\t\t\t\t<div class=\"e-con-inner\">\n\t\t<div class=\"elementor-element elementor-element-3a380118 e-con-full e-flex e-con e-child\" data-id=\"3a380118\" data-element_type=\"container\" data-e-type=\"container\" data-settings=\"{&quot;background_background&quot;:&quot;classic&quot;}\">\n\t\t\t\t<div class=\"elementor-element elementor-element-50166e4 elementor-widget elementor-widget-heading\" data-id=\"50166e4\" data-element_type=\"widget\" data-e-type=\"widget\" data-widget_type=\"heading.default\">\n\t\t\t\t\t<h1 class=\"elementor-heading-title elementor-size-default\">Proyecto Kenia<\/h1>\t\t\t\t<\/div>\n\t\t\t\t<\/div>\n\t\t\t\t\t<\/div>\n\t\t\t\t<\/div>\n\t\t<div class=\"elementor-element elementor-element-58cc8df1 e-flex e-con-boxed e-con e-parent\" data-id=\"58cc8df1\" data-element_type=\"container\" data-e-type=\"container\">\n\t\t\t\t\t<div class=\"e-con-inner\">\n\t\t<div class=\"elementor-element elementor-element-69581b61 e-con-full e-flex e-con e-child\" data-id=\"69581b61\" data-element_type=\"container\" data-e-type=\"container\">\n\t\t\t\t<div class=\"elementor-element elementor-element-411fd937 elementor-widget elementor-widget-heading\" data-id=\"411fd937\" data-element_type=\"widget\" data-e-type=\"widget\" data-widget_type=\"heading.default\">\n\t\t\t\t\t<h3 class=\"elementor-heading-title elementor-size-default\">Universitarios de Kenia impulsan las escuelas rurales del \u00e1rea de Nairobi<\/h3>\t\t\t\t<\/div>\n\t\t<div class=\"elementor-element elementor-element-23c1e0e2 e-con-full e-flex e-con e-child\" data-id=\"23c1e0e2\" data-element_type=\"container\" data-e-type=\"container\" data-settings=\"{&quot;background_background&quot;:&quot;classic&quot;}\">\n\t\t<div class=\"elementor-element elementor-element-163c0b9e e-con-full e-flex e-con e-child\" data-id=\"163c0b9e\" data-element_type=\"container\" data-e-type=\"container\">\n\t\t\t\t<div class=\"elementor-element elementor-element-7ebb4f4 elementor-widget elementor-widget-elementskit-heading\" data-id=\"7ebb4f4\" data-element_type=\"widget\" data-e-type=\"widget\" data-widget_type=\"elementskit-heading.default\">\n\t\t\t\t\t<div class=\"ekit-wid-con\" ><div class=\"ekit-heading elementskit-section-title-wraper text_left   ekit_heading_tablet-text_center   ekit_heading_mobile-\"><p class=\"elementskit-section-subtitle  \">\n\t\t\t\t\t\tRECAUDADO\n\t\t\t\t\t<\/p><h6 class=\"ekit-heading--title elementskit-section-title \">\u20ac250<\/h6><\/div><\/div>\t\t\t\t<\/div>\n\t\t\t\t<\/div>\n\t\t<div class=\"elementor-element elementor-element-414c0729 e-con-full e-flex e-con e-child\" data-id=\"414c0729\" data-element_type=\"container\" data-e-type=\"container\">\n\t\t\t\t<div class=\"elementor-element elementor-element-5f888431 elementor-widget elementor-widget-elementskit-heading\" data-id=\"5f888431\" data-element_type=\"widget\" data-e-type=\"widget\" data-widget_type=\"elementskit-heading.default\">\n\t\t\t\t\t<div class=\"ekit-wid-con\" ><div class=\"ekit-heading elementskit-section-title-wraper text_left   ekit_heading_tablet-text_center   ekit_heading_mobile-\"><p class=\"elementskit-section-subtitle  \">\n\t\t\t\t\t\tOBJETIVO\n\t\t\t\t\t<\/p><h5 class=\"ekit-heading--title elementskit-section-title \">\u20ac10.000<\/h5><\/div><\/div>\t\t\t\t<\/div>\n\t\t\t\t<\/div>\n\t\t<div class=\"elementor-element elementor-element-2ec53ca4 e-con-full e-flex e-con e-child\" data-id=\"2ec53ca4\" data-element_type=\"container\" data-e-type=\"container\">\n\t\t\t\t<div class=\"elementor-element elementor-element-4c34843f elementor-widget elementor-widget-elementskit-heading\" data-id=\"4c34843f\" data-element_type=\"widget\" data-e-type=\"widget\" data-widget_type=\"elementskit-heading.default\">\n\t\t\t\t\t<div class=\"ekit-wid-con\" ><div class=\"ekit-heading elementskit-section-title-wraper text_left   ekit_heading_tablet-text_center   ekit_heading_mobile-\"><p class=\"elementskit-section-subtitle  \">\n\t\t\t\t\t\tFINALIZACI\u00d3N\n\t\t\t\t\t<\/p><h5 class=\"ekit-heading--title elementskit-section-title \">31\/12\/2026<\/h5><\/div><\/div>\t\t\t\t<\/div>\n\t\t\t\t<\/div>\n\t\t\t\t<\/div>\n\t\t\t\t<div class=\"elementor-element elementor-element-43ec052a elementor-widget elementor-widget-image\" data-id=\"43ec052a\" data-element_type=\"widget\" data-e-type=\"widget\" data-widget_type=\"image.default\">\n\t\t\t\t\t\t\t\t\t\t\t\t\t\t\t<img fetchpriority=\"high\" decoding=\"async\" width=\"800\" height=\"534\" src=\"https:\/\/noselocuentesanadie.com\/enpade\/wp-content\/uploads\/2026\/03\/Civic-Initiative-34-copia-1024x683.jpg\" class=\"attachment-large size-large wp-image-653\" alt=\"\" srcset=\"https:\/\/noselocuentesanadie.com\/enpade\/wp-content\/uploads\/2026\/03\/Civic-Initiative-34-copia-1024x683.jpg 1024w, https:\/\/noselocuentesanadie.com\/enpade\/wp-content\/uploads\/2026\/03\/Civic-Initiative-34-copia-300x200.jpg 300w, https:\/\/noselocuentesanadie.com\/enpade\/wp-content\/uploads\/2026\/03\/Civic-Initiative-34-copia-768x512.jpg 768w, https:\/\/noselocuentesanadie.com\/enpade\/wp-content\/uploads\/2026\/03\/Civic-Initiative-34-copia-600x400.jpg 600w, https:\/\/noselocuentesanadie.com\/enpade\/wp-content\/uploads\/2026\/03\/Civic-Initiative-34-copia.jpg 1200w\" sizes=\"(max-width: 800px) 100vw, 800px\" \/>\t\t\t\t\t\t\t\t\t\t\t\t\t\t\t<\/div>\n\t\t\t\t<div class=\"elementor-element elementor-element-7afbb46a elementor-widget elementor-widget-text-editor\" data-id=\"7afbb46a\" data-element_type=\"widget\" data-e-type=\"widget\" data-widget_type=\"text-editor.default\">\n\t\t\t\t\t\t\t\t\t<p><span style=\"font-weight: 400;\">\u00abTodos quieren ayudar, pero no saben por d\u00f3nde empezar\u00bb<\/span><\/p><p><span style=\"font-weight: 400;\">En los asentamientos cercanos a Strathmore University (Nairobi, Kenia) muchos ni\u00f1os y j\u00f3venes necesitaban apoyo acad\u00e9mico y oportunidades para crecer.\u00a0<\/span><\/p><p><span style=\"font-weight: 400;\">Varios profesores y miembros del personal no docente de la Universidad comenzaron a plantearse c\u00f3mo podr\u00edan ayudar.<\/span><\/p><p><span style=\"font-weight: 400;\">En 2012 comenz\u00f3 la colaboraci\u00f3n en las escuelas con profesores, personal no docente y un amplio n\u00famero de universitarios, todos ellos voluntarios. Llamaron al proyecto \u201cMacheo\u201d, que significa amanecer en Suajili. Siguieron los proyectos<\/span><\/p><p><span style=\"font-weight: 400;\">Despu\u00e9s se ampli\u00f3 el trabajo con los programas Mawio y Sulwe en otras \u00e1reas del entorno. Ya se han beneficiado de esta ayuda varios cientos los escolares que se han beneficiado, que les permite continuar escolarizados y aprovechando su educaci\u00f3n.\u00a0<\/span><\/p><p><span style=\"font-weight: 400;\">La colaboraci\u00f3n con las escuelas comenz\u00f3 con un programa de fines de semana y vacaciones con estudiantes de secundaria. Los universitarios de Strathmore University acud\u00edan a tres asentamientos pr\u00f3ximos para impartir a los chicos clases de refuerzo de matem\u00e1ticas y lengua, formaci\u00f3n en habilidades pr\u00e1cticas para la vida y asesoramiento personal. Desde entonces se ha replicado y mejorado el modelo.<\/span><\/p><p><span style=\"font-weight: 400;\">Adem\u00e1s, los voluntarios desarrollan cuando es necesario tareas de reparaci\u00f3n de las aulas e instalaciones de las escuelas. Una nueva instalaci\u00f3n el\u00e9ctrica, renovar el suelo, pintar\u2026 Procuran que el entorno educativo tenga las condiciones adecuadas para el aprendizaje.<\/span><\/p><p><span style=\"font-weight: 400;\">Tambi\u00e9n proporcionan comida a los alumnos en los d\u00edas de formaci\u00f3n para facilitar su asistencia.<\/span><\/p>\t\t\t\t\t\t\t\t<\/div>\n\t\t\t\t<div class=\"elementor-element elementor-element-2917dc26 elementor-pagination-position-outside elementor-widget elementor-widget-image-carousel\" data-id=\"2917dc26\" data-element_type=\"widget\" data-e-type=\"widget\" data-settings=\"{&quot;slides_to_show&quot;:&quot;2&quot;,&quot;navigation&quot;:&quot;dots&quot;,&quot;autoplay&quot;:&quot;yes&quot;,&quot;pause_on_hover&quot;:&quot;yes&quot;,&quot;pause_on_interaction&quot;:&quot;yes&quot;,&quot;autoplay_speed&quot;:5000,&quot;infinite&quot;:&quot;yes&quot;,&quot;speed&quot;:500,&quot;image_spacing_custom&quot;:{&quot;unit&quot;:&quot;px&quot;,&quot;size&quot;:20,&quot;sizes&quot;:[]},&quot;image_spacing_custom_tablet&quot;:{&quot;unit&quot;:&quot;px&quot;,&quot;size&quot;:&quot;&quot;,&quot;sizes&quot;:[]},&quot;image_spacing_custom_mobile&quot;:{&quot;unit&quot;:&quot;px&quot;,&quot;size&quot;:&quot;&quot;,&quot;sizes&quot;:[]}}\" data-widget_type=\"image-carousel.default\">\n\t\t\t\t\t\t\t<div class=\"elementor-image-carousel-wrapper swiper\" role=\"region\" aria-roledescription=\"carousel\" aria-label=\"Carrusel de im\u00e1genes\" dir=\"ltr\">\n\t\t\t<div class=\"elementor-image-carousel swiper-wrapper\" aria-live=\"off\">\n\t\t\t\t\t\t\t\t<div class=\"swiper-slide\" role=\"group\" aria-roledescription=\"slide\" aria-label=\"1 de 7\"><a data-elementor-open-lightbox=\"yes\" data-elementor-lightbox-slideshow=\"2917dc26\" data-elementor-lightbox-title=\"Civic-Initiative-4-copia\" data-e-action-hash=\"#elementor-action%3Aaction%3Dlightbox%26settings%3DeyJpZCI6NjQ4LCJ1cmwiOiJodHRwczpcL1wvbm9zZWxvY3VlbnRlc2FuYWRpZS5jb21cL2VucGFkZVwvd3AtY29udGVudFwvdXBsb2Fkc1wvMjAyNlwvMDNcL0NpdmljLUluaXRpYXRpdmUtNC1jb3BpYS5qcGciLCJzbGlkZXNob3ciOiIyOTE3ZGMyNiJ9\" href=\"https:\/\/noselocuentesanadie.com\/enpade\/wp-content\/uploads\/2026\/03\/Civic-Initiative-4-copia.jpg\"><figure class=\"swiper-slide-inner\"><img decoding=\"async\" class=\"swiper-slide-image\" src=\"https:\/\/noselocuentesanadie.com\/enpade\/wp-content\/uploads\/2026\/03\/Civic-Initiative-4-copia.jpg\" alt=\"Civic-Initiative-4-copia\" \/><\/figure><\/a><\/div><div class=\"swiper-slide\" role=\"group\" aria-roledescription=\"slide\" aria-label=\"2 de 7\"><a data-elementor-open-lightbox=\"yes\" data-elementor-lightbox-slideshow=\"2917dc26\" data-elementor-lightbox-title=\"Civic-Initiative-10-copia\" data-e-action-hash=\"#elementor-action%3Aaction%3Dlightbox%26settings%3DeyJpZCI6NjQ5LCJ1cmwiOiJodHRwczpcL1wvbm9zZWxvY3VlbnRlc2FuYWRpZS5jb21cL2VucGFkZVwvd3AtY29udGVudFwvdXBsb2Fkc1wvMjAyNlwvMDNcL0NpdmljLUluaXRpYXRpdmUtMTAtY29waWEuanBnIiwic2xpZGVzaG93IjoiMjkxN2RjMjYifQ%3D%3D\" href=\"https:\/\/noselocuentesanadie.com\/enpade\/wp-content\/uploads\/2026\/03\/Civic-Initiative-10-copia.jpg\"><figure class=\"swiper-slide-inner\"><img decoding=\"async\" class=\"swiper-slide-image\" src=\"https:\/\/noselocuentesanadie.com\/enpade\/wp-content\/uploads\/2026\/03\/Civic-Initiative-10-copia.jpg\" alt=\"Civic-Initiative-10-copia\" \/><\/figure><\/a><\/div><div class=\"swiper-slide\" role=\"group\" aria-roledescription=\"slide\" aria-label=\"3 de 7\"><a data-elementor-open-lightbox=\"yes\" data-elementor-lightbox-slideshow=\"2917dc26\" data-elementor-lightbox-title=\"Civic-Initiative-13-copia\" data-e-action-hash=\"#elementor-action%3Aaction%3Dlightbox%26settings%3DeyJpZCI6NjUwLCJ1cmwiOiJodHRwczpcL1wvbm9zZWxvY3VlbnRlc2FuYWRpZS5jb21cL2VucGFkZVwvd3AtY29udGVudFwvdXBsb2Fkc1wvMjAyNlwvMDNcL0NpdmljLUluaXRpYXRpdmUtMTMtY29waWEuanBnIiwic2xpZGVzaG93IjoiMjkxN2RjMjYifQ%3D%3D\" href=\"https:\/\/noselocuentesanadie.com\/enpade\/wp-content\/uploads\/2026\/03\/Civic-Initiative-13-copia.jpg\"><figure class=\"swiper-slide-inner\"><img decoding=\"async\" class=\"swiper-slide-image\" src=\"https:\/\/noselocuentesanadie.com\/enpade\/wp-content\/uploads\/2026\/03\/Civic-Initiative-13-copia.jpg\" alt=\"Civic-Initiative-13-copia\" \/><\/figure><\/a><\/div><div class=\"swiper-slide\" role=\"group\" aria-roledescription=\"slide\" aria-label=\"4 de 7\"><a data-elementor-open-lightbox=\"yes\" data-elementor-lightbox-slideshow=\"2917dc26\" data-elementor-lightbox-title=\"Civic-Initiative-16-copia\" data-e-action-hash=\"#elementor-action%3Aaction%3Dlightbox%26settings%3DeyJpZCI6NjUxLCJ1cmwiOiJodHRwczpcL1wvbm9zZWxvY3VlbnRlc2FuYWRpZS5jb21cL2VucGFkZVwvd3AtY29udGVudFwvdXBsb2Fkc1wvMjAyNlwvMDNcL0NpdmljLUluaXRpYXRpdmUtMTYtY29waWEuanBnIiwic2xpZGVzaG93IjoiMjkxN2RjMjYifQ%3D%3D\" href=\"https:\/\/noselocuentesanadie.com\/enpade\/wp-content\/uploads\/2026\/03\/Civic-Initiative-16-copia.jpg\"><figure class=\"swiper-slide-inner\"><img decoding=\"async\" class=\"swiper-slide-image\" src=\"https:\/\/noselocuentesanadie.com\/enpade\/wp-content\/uploads\/2026\/03\/Civic-Initiative-16-copia.jpg\" alt=\"Civic-Initiative-16-copia\" \/><\/figure><\/a><\/div><div class=\"swiper-slide\" role=\"group\" aria-roledescription=\"slide\" aria-label=\"5 de 7\"><a data-elementor-open-lightbox=\"yes\" data-elementor-lightbox-slideshow=\"2917dc26\" data-elementor-lightbox-title=\"Civic-Initiative-18-copia\" data-e-action-hash=\"#elementor-action%3Aaction%3Dlightbox%26settings%3DeyJpZCI6NjUyLCJ1cmwiOiJodHRwczpcL1wvbm9zZWxvY3VlbnRlc2FuYWRpZS5jb21cL2VucGFkZVwvd3AtY29udGVudFwvdXBsb2Fkc1wvMjAyNlwvMDNcL0NpdmljLUluaXRpYXRpdmUtMTgtY29waWEuanBnIiwic2xpZGVzaG93IjoiMjkxN2RjMjYifQ%3D%3D\" href=\"https:\/\/noselocuentesanadie.com\/enpade\/wp-content\/uploads\/2026\/03\/Civic-Initiative-18-copia.jpg\"><figure class=\"swiper-slide-inner\"><img decoding=\"async\" class=\"swiper-slide-image\" src=\"https:\/\/noselocuentesanadie.com\/enpade\/wp-content\/uploads\/2026\/03\/Civic-Initiative-18-copia.jpg\" alt=\"Civic-Initiative-18-copia\" \/><\/figure><\/a><\/div><div class=\"swiper-slide\" role=\"group\" aria-roledescription=\"slide\" aria-label=\"6 de 7\"><a data-elementor-open-lightbox=\"yes\" data-elementor-lightbox-slideshow=\"2917dc26\" data-elementor-lightbox-title=\"Civic-Initiative-35-copia\" data-e-action-hash=\"#elementor-action%3Aaction%3Dlightbox%26settings%3DeyJpZCI6NjU0LCJ1cmwiOiJodHRwczpcL1wvbm9zZWxvY3VlbnRlc2FuYWRpZS5jb21cL2VucGFkZVwvd3AtY29udGVudFwvdXBsb2Fkc1wvMjAyNlwvMDNcL0NpdmljLUluaXRpYXRpdmUtMzUtY29waWEuanBnIiwic2xpZGVzaG93IjoiMjkxN2RjMjYifQ%3D%3D\" href=\"https:\/\/noselocuentesanadie.com\/enpade\/wp-content\/uploads\/2026\/03\/Civic-Initiative-35-copia.jpg\"><figure class=\"swiper-slide-inner\"><img decoding=\"async\" class=\"swiper-slide-image\" src=\"https:\/\/noselocuentesanadie.com\/enpade\/wp-content\/uploads\/2026\/03\/Civic-Initiative-35-copia.jpg\" alt=\"Civic-Initiative-35-copia\" \/><\/figure><\/a><\/div><div class=\"swiper-slide\" role=\"group\" aria-roledescription=\"slide\" aria-label=\"7 de 7\"><a data-elementor-open-lightbox=\"yes\" data-elementor-lightbox-slideshow=\"2917dc26\" data-elementor-lightbox-title=\"Civic-Initiative-83-copia\" data-e-action-hash=\"#elementor-action%3Aaction%3Dlightbox%26settings%3DeyJpZCI6NjU1LCJ1cmwiOiJodHRwczpcL1wvbm9zZWxvY3VlbnRlc2FuYWRpZS5jb21cL2VucGFkZVwvd3AtY29udGVudFwvdXBsb2Fkc1wvMjAyNlwvMDNcL0NpdmljLUluaXRpYXRpdmUtODMtY29waWEuanBnIiwic2xpZGVzaG93IjoiMjkxN2RjMjYifQ%3D%3D\" href=\"https:\/\/noselocuentesanadie.com\/enpade\/wp-content\/uploads\/2026\/03\/Civic-Initiative-83-copia.jpg\"><figure class=\"swiper-slide-inner\"><img decoding=\"async\" class=\"swiper-slide-image\" src=\"https:\/\/noselocuentesanadie.com\/enpade\/wp-content\/uploads\/2026\/03\/Civic-Initiative-83-copia.jpg\" alt=\"Civic-Initiative-83-copia\" \/><\/figure><\/a><\/div>\t\t\t<\/div>\n\t\t\t\t\t\t\t\n\t\t\t\t\t\t\t\t\t<div class=\"swiper-pagination\"><\/div>\n\t\t\t\t\t\t\t\t\t<\/div>\n\t\t\t\t\t\t<\/div>\n\t\t\t\t<\/div>\n\t\t<div class=\"elementor-element elementor-element-26296204 e-con-full e-flex e-con e-child\" data-id=\"26296204\" data-element_type=\"container\" data-e-type=\"container\">\n\t\t<div class=\"elementor-element elementor-element-7a34295 e-con-full e-flex e-con e-child\" data-id=\"7a34295\" data-element_type=\"container\" data-e-type=\"container\" data-settings=\"{&quot;sticky&quot;:&quot;top&quot;,&quot;sticky_parent&quot;:&quot;yes&quot;,&quot;sticky_on&quot;:[&quot;desktop&quot;,&quot;tablet&quot;,&quot;mobile&quot;],&quot;sticky_offset&quot;:0,&quot;sticky_effects_offset&quot;:0,&quot;sticky_anchor_link_offset&quot;:0}\">\n\t\t<div class=\"elementor-element elementor-element-3399dc4a e-con-full e-flex e-con e-child\" data-id=\"3399dc4a\" data-element_type=\"container\" data-e-type=\"container\" data-settings=\"{&quot;background_background&quot;:&quot;classic&quot;}\">\n\t\t\t\t<div class=\"elementor-element elementor-element-53e16597 elementor-widget elementor-widget-heading\" data-id=\"53e16597\" data-element_type=\"widget\" data-e-type=\"widget\" data-widget_type=\"heading.default\">\n\t\t\t\t\t<h4 class=\"elementor-heading-title elementor-size-default\">\u00a1Cambiemos el mundo juntos ahora!<\/h4>\t\t\t\t<\/div>\n\t\t\t\t<div class=\"elementor-element elementor-element-184379d3 elementor-widget elementor-widget-text-editor\" data-id=\"184379d3\" data-element_type=\"widget\" data-e-type=\"widget\" data-widget_type=\"text-editor.default\">\n\t\t\t\t\t\t\t\t\t<p>Cada aportaci\u00f3n suma para llevar alimento, refugio y esperanza a quienes m\u00e1s lo necesitan. Tu ayuda hoy puede cambiar muchas vidas.<\/p>\t\t\t\t\t\t\t\t<\/div>\n\t\t\t\t<div class=\"elementor-element elementor-element-5a1c04d0 elementor-align-center elementor-widget elementor-widget-button\" data-id=\"5a1c04d0\" data-element_type=\"widget\" data-e-type=\"widget\" data-widget_type=\"button.default\">\n\t\t\t\t\t\t\t\t\t\t<a class=\"elementor-button elementor-button-link elementor-size-sm\" href=\"https:\/\/ongiving.com\/donar-ong\/24\/info\">\n\t\t\t\t\t\t<span class=\"elementor-button-content-wrapper\">\n\t\t\t\t\t\t\t\t\t<span class=\"elementor-button-text\">Donar<\/span>\n\t\t\t\t\t<\/span>\n\t\t\t\t\t<\/a>\n\t\t\t\t\t\t\t\t<\/div>\n\t\t\t\t<\/div>\n\t\t<div class=\"elementor-element elementor-element-3bdb533d e-con-full e-flex e-con e-child\" data-id=\"3bdb533d\" data-element_type=\"container\" data-e-type=\"container\">\n\t\t<div class=\"elementor-element elementor-element-3249b3ce e-con-full e-flex e-con e-child\" data-id=\"3249b3ce\" data-element_type=\"container\" data-e-type=\"container\" data-settings=\"{&quot;background_background&quot;:&quot;classic&quot;}\">\n\t\t\t\t<div class=\"elementor-element elementor-element-82b7106 elementor-align-justify elementor-widget elementor-widget-button\" data-id=\"82b7106\" data-element_type=\"widget\" data-e-type=\"widget\" data-widget_type=\"button.default\">\n\t\t\t\t\t\t\t\t\t\t<a class=\"elementor-button elementor-button-link elementor-size-sm\" href=\"https:\/\/noselocuentesanadie.com\/enpade\/proyectos\/#proyectos\">\n\t\t\t\t\t\t<span class=\"elementor-button-content-wrapper\">\n\t\t\t\t\t\t\t\t\t<span class=\"elementor-button-text\">Ver otros proyectos<\/span>\n\t\t\t\t\t<\/span>\n\t\t\t\t\t<\/a>\n\t\t\t\t\t\t\t\t<\/div>\n\t\t\t\t<\/div>\n\t\t\t\t<\/div>\n\t\t\t\t<\/div>\n\t\t\t\t<\/div>\n\t\t\t\t\t<\/div>\n\t\t\t\t<\/div>\n\t\t\t\t<\/div>\n\t\t","protected":false},"excerpt":{"rendered":"<p>Proyecto Kenia Universitarios de Kenia impulsan las escuelas rurales del \u00e1rea de Nairobi RECAUDADO \u20ac250 OBJETIVO \u20ac10.000 FINALIZACI\u00d3N 31\/12\/2026 \u00abTodos quieren ayudar, pero no saben por d\u00f3nde empezar\u00bb En los asentamientos cercanos a Strathmore University (Nairobi, Kenia) muchos ni\u00f1os y j\u00f3venes necesitaban apoyo acad\u00e9mico y oportunidades para crecer.\u00a0 Varios profesores y miembros del personal no [&hellip;]<\/p>\n","protected":false},"author":1,"featured_media":0,"parent":0,"menu_order":0,"comment_status":"closed","ping_status":"closed","template":"","meta":{"_joinchat":[],"footnotes":""},"class_list":["post-645","page","type-page","status-publish","hentry"],"_links":{"self":[{"href":"https:\/\/noselocuentesanadie.com\/enpade\/wp-json\/wp\/v2\/pages\/645","targetHints":{"allow":["GET"]}}],"collection":[{"href":"https:\/\/noselocuentesanadie.com\/enpade\/wp-json\/wp\/v2\/pages"}],"about":[{"href":"https:\/\/noselocuentesanadie.com\/enpade\/wp-json\/wp\/v2\/types\/page"}],"author":[{"embeddable":true,"href":"https:\/\/noselocuentesanadie.com\/enpade\/wp-json\/wp\/v2\/users\/1"}],"replies":[{"embeddable":true,"href":"https:\/\/noselocuentesanadie.com\/enpade\/wp-json\/wp\/v2\/comments?post=645"}],"version-history":[{"count":13,"href":"https:\/\/noselocuentesanadie.com\/enpade\/wp-json\/wp\/v2\/pages\/645\/revisions"}],"predecessor-version":[{"id":766,"href":"https:\/\/noselocuentesanadie.com\/enpade\/wp-json\/wp\/v2\/pages\/645\/revisions\/766"}],"wp:attachment":[{"href":"https:\/\/noselocuentesanadie.com\/enpade\/wp-json\/wp\/v2\/media?parent=645"}],"curies":[{"name":"wp","href":"https:\/\/api.w.org\/{rel}","templated":true}]}}