{"id":684,"date":"2026-03-30T10:53:17","date_gmt":"2026-03-30T10:53:17","guid":{"rendered":"https:\/\/noselocuentesanadie.com\/enpade\/?page_id=684"},"modified":"2026-03-30T18:45:13","modified_gmt":"2026-03-30T18:45:13","slug":"proyecto-camerun","status":"publish","type":"page","link":"https:\/\/noselocuentesanadie.com\/enpade\/proyecto-camerun\/","title":{"rendered":"Proyecto Camer\u00fan"},"content":{"rendered":"\t\t<div data-elementor-type=\"wp-page\" data-elementor-id=\"684\" class=\"elementor elementor-684\" data-elementor-post-type=\"page\">\n\t\t\t\t<div class=\"elementor-element elementor-element-43bdedfc e-flex e-con-boxed e-con e-parent\" data-id=\"43bdedfc\" data-element_type=\"container\" data-e-type=\"container\" data-settings=\"{&quot;background_background&quot;:&quot;classic&quot;}\">\n\t\t\t\t\t<div class=\"e-con-inner\">\n\t\t<div class=\"elementor-element elementor-element-3a380118 e-con-full e-flex e-con e-child\" data-id=\"3a380118\" data-element_type=\"container\" data-e-type=\"container\" data-settings=\"{&quot;background_background&quot;:&quot;classic&quot;}\">\n\t\t\t\t<div class=\"elementor-element elementor-element-50166e4 elementor-widget elementor-widget-heading\" data-id=\"50166e4\" data-element_type=\"widget\" data-e-type=\"widget\" data-widget_type=\"heading.default\">\n\t\t\t\t\t<h1 class=\"elementor-heading-title elementor-size-default\">Proyecto Camer\u00fan<\/h1>\t\t\t\t<\/div>\n\t\t\t\t<\/div>\n\t\t\t\t\t<\/div>\n\t\t\t\t<\/div>\n\t\t<div class=\"elementor-element elementor-element-58cc8df1 e-flex e-con-boxed e-con e-parent\" data-id=\"58cc8df1\" data-element_type=\"container\" data-e-type=\"container\">\n\t\t\t\t\t<div class=\"e-con-inner\">\n\t\t<div class=\"elementor-element elementor-element-69581b61 e-con-full e-flex e-con e-child\" data-id=\"69581b61\" data-element_type=\"container\" data-e-type=\"container\">\n\t\t\t\t<div class=\"elementor-element elementor-element-411fd937 elementor-widget elementor-widget-heading\" data-id=\"411fd937\" data-element_type=\"widget\" data-e-type=\"widget\" data-widget_type=\"heading.default\">\n\t\t\t\t\t<h2 class=\"elementor-heading-title elementor-size-default\">Campa\u00f1a de salud y educaci\u00f3n en el \u00e1rea rural de Bayangam<\/h2>\t\t\t\t<\/div>\n\t\t<div class=\"elementor-element elementor-element-23c1e0e2 e-con-full e-flex e-con e-child\" data-id=\"23c1e0e2\" data-element_type=\"container\" data-e-type=\"container\" data-settings=\"{&quot;background_background&quot;:&quot;classic&quot;}\">\n\t\t<div class=\"elementor-element elementor-element-163c0b9e e-con-full e-flex e-con e-child\" data-id=\"163c0b9e\" data-element_type=\"container\" data-e-type=\"container\">\n\t\t\t\t<div class=\"elementor-element elementor-element-7ebb4f4 elementor-widget elementor-widget-elementskit-heading\" data-id=\"7ebb4f4\" data-element_type=\"widget\" data-e-type=\"widget\" data-widget_type=\"elementskit-heading.default\">\n\t\t\t\t\t<div class=\"ekit-wid-con\" ><div class=\"ekit-heading elementskit-section-title-wraper text_left   ekit_heading_tablet-text_center   ekit_heading_mobile-\"><p class=\"elementskit-section-subtitle  \">\n\t\t\t\t\t\tRECAUDADO\n\t\t\t\t\t<\/p><h6 class=\"ekit-heading--title elementskit-section-title \">\u20ac300<\/h6><\/div><\/div>\t\t\t\t<\/div>\n\t\t\t\t<\/div>\n\t\t<div class=\"elementor-element elementor-element-414c0729 e-con-full e-flex e-con e-child\" data-id=\"414c0729\" data-element_type=\"container\" data-e-type=\"container\">\n\t\t\t\t<div class=\"elementor-element elementor-element-5f888431 elementor-widget elementor-widget-elementskit-heading\" data-id=\"5f888431\" data-element_type=\"widget\" data-e-type=\"widget\" data-widget_type=\"elementskit-heading.default\">\n\t\t\t\t\t<div class=\"ekit-wid-con\" ><div class=\"ekit-heading elementskit-section-title-wraper text_left   ekit_heading_tablet-text_center   ekit_heading_mobile-\"><p class=\"elementskit-section-subtitle  \">\n\t\t\t\t\t\tOBJETIVO\n\t\t\t\t\t<\/p><h5 class=\"ekit-heading--title elementskit-section-title \">\u20ac10.000<\/h5><\/div><\/div>\t\t\t\t<\/div>\n\t\t\t\t<\/div>\n\t\t<div class=\"elementor-element elementor-element-2ec53ca4 e-con-full e-flex e-con e-child\" data-id=\"2ec53ca4\" data-element_type=\"container\" data-e-type=\"container\">\n\t\t\t\t<div class=\"elementor-element elementor-element-4c34843f elementor-widget elementor-widget-elementskit-heading\" data-id=\"4c34843f\" data-element_type=\"widget\" data-e-type=\"widget\" data-widget_type=\"elementskit-heading.default\">\n\t\t\t\t\t<div class=\"ekit-wid-con\" ><div class=\"ekit-heading elementskit-section-title-wraper text_left   ekit_heading_tablet-text_center   ekit_heading_mobile-\"><p class=\"elementskit-section-subtitle  \">\n\t\t\t\t\t\tFINALIZACI\u00d3N\n\t\t\t\t\t<\/p><h5 class=\"ekit-heading--title elementskit-section-title \">01\/16\/2026<\/h5><\/div><\/div>\t\t\t\t<\/div>\n\t\t\t\t<\/div>\n\t\t\t\t<\/div>\n\t\t\t\t<div class=\"elementor-element elementor-element-43ec052a elementor-widget elementor-widget-image\" data-id=\"43ec052a\" data-element_type=\"widget\" data-e-type=\"widget\" data-widget_type=\"image.default\">\n\t\t\t\t\t\t\t\t\t\t\t\t\t\t\t<img fetchpriority=\"high\" decoding=\"async\" width=\"800\" height=\"534\" src=\"https:\/\/noselocuentesanadie.com\/enpade\/wp-content\/uploads\/2026\/03\/PHOTO-2025-08-03-15-09-21-1024x683.jpg\" class=\"attachment-large size-large wp-image-706\" alt=\"\" srcset=\"https:\/\/noselocuentesanadie.com\/enpade\/wp-content\/uploads\/2026\/03\/PHOTO-2025-08-03-15-09-21-1024x683.jpg 1024w, https:\/\/noselocuentesanadie.com\/enpade\/wp-content\/uploads\/2026\/03\/PHOTO-2025-08-03-15-09-21-300x200.jpg 300w, https:\/\/noselocuentesanadie.com\/enpade\/wp-content\/uploads\/2026\/03\/PHOTO-2025-08-03-15-09-21-768x512.jpg 768w, https:\/\/noselocuentesanadie.com\/enpade\/wp-content\/uploads\/2026\/03\/PHOTO-2025-08-03-15-09-21-600x400.jpg 600w, https:\/\/noselocuentesanadie.com\/enpade\/wp-content\/uploads\/2026\/03\/PHOTO-2025-08-03-15-09-21.jpg 1200w\" sizes=\"(max-width: 800px) 100vw, 800px\" \/>\t\t\t\t\t\t\t\t\t\t\t\t\t\t\t<\/div>\n\t\t\t\t<div class=\"elementor-element elementor-element-e8d7601 elementor-widget elementor-widget-heading\" data-id=\"e8d7601\" data-element_type=\"widget\" data-e-type=\"widget\" data-widget_type=\"heading.default\">\n\t\t\t\t\t<h3 class=\"elementor-heading-title elementor-size-default\">Dos d\u00e9cadas proporcionando atenci\u00f3n sanitaria y educaci\u00f3n en zonas rurales de Camer\u00fan<\/h3>\t\t\t\t<\/div>\n\t\t\t\t<div class=\"elementor-element elementor-element-7afbb46a elementor-widget elementor-widget-text-editor\" data-id=\"7afbb46a\" data-element_type=\"widget\" data-e-type=\"widget\" data-widget_type=\"text-editor.default\">\n\t\t\t\t\t\t\t\t\t<p><span style=\"font-weight: 400;\">El Centre d\u2019\u00c9tudes Nolanga, de la capital, Yaound\u00e9, organiza desde 2007 una <\/span><b>campa\u00f1a de salud y educativas en zonas alejadas de los n\u00facleos urbanos<\/b><span style=\"font-weight: 400;\">. En los \u00faltimos a\u00f1os el trabajo se ha realizado en la regi\u00f3n de <\/span><b>Bayangam<\/b><span style=\"font-weight: 400;\">, al oeste del pa\u00eds, concretamente en el poblado de Kassap.\u00a0<\/span><\/p><p><b>M\u00e9dicos, enfermeros, estudiantes de medicina y otros universitarios, casi todos ellos cameruneses, dedican tres semanas de sus vacaciones <\/b><span style=\"font-weight: 400;\">a atender la salud de cientos de personas que no cuentan con atenci\u00f3n sanitaria. Coopera con \u00c1frica y Fundaci\u00f3n ENPADE colaboran financiando el material sanitario y los gastos de la expedici\u00f3n.<\/span><\/p><p><span style=\"font-weight: 400;\">Esta campa\u00f1a se realiza desde hace dos d\u00e9cadas, a pesar de que en 2023 tres cooperantes perdieron la vida en accidente de tr\u00e1fico, en uno de los viajes de regreso desde Bayangam. Se trata de los cameruneses Eric, maestro de escuela y encargado del proyecto de formaci\u00f3n de los profesores de Bayangam, Arnaud, joven ingeniero agr\u00f3nomo responsable de la log\u00edstica del proyecto durante varios a\u00f1os, y Pierre, un joven de bachillerato que participaba por primera vez en la campa\u00f1a. En este accidente, otros expedicionarios sufrieron heridas de diversa gravedad.<\/span><\/p><p><span style=\"font-weight: 400;\">El dolor de estas p\u00e9rdidas y algunas lesiones f\u00edsicas de otros cooperantes todav\u00eda son muy recientes, pero el compromiso con la salud de sus compatriotas se mantiene a\u00f1o tras a\u00f1o, tambi\u00e9n como homenaje a los fallecidos.<\/span><\/p><p><span style=\"font-weight: 400;\">En estas dos d\u00e9cadas se ha trabajado en diferentes regiones: Edea, Bamenda, Lindoi, Kribi, Obala, Bandjoun.\u00a0<\/span><\/p><p><span style=\"font-weight: 400;\">Entre 2023 y 2025 se ha trabajado en Bayangam. La campa\u00f1a suele celebrarse a finales de julio y principios de agosto, durante 21 d\u00edas.<\/span><\/p><p><strong>Descripci\u00f3n del proyecto<\/strong><\/p><p><strong><i>Objetivos<\/i><\/strong><\/p><ul><li style=\"font-weight: 400;\" aria-level=\"1\"><span style=\"font-weight: 400;\">Ofrecer cobertura sanitaria en localidades que carecen de ella.<\/span><\/li><li style=\"font-weight: 400;\" aria-level=\"1\"><span style=\"font-weight: 400;\">Proporcionar a los ni\u00f1os una escuela de verano y nutrici\u00f3n adecuada.\u00a0<\/span><\/li><li style=\"font-weight: 400;\" aria-level=\"1\"><span style=\"font-weight: 400;\">Procurar que los j\u00f3venes se reencuentren con sus ra\u00edces: tender puentes entre una poblaci\u00f3n joven concentrada en las grandes ciudades y las zonas rurales, habitadas en su mayor\u00eda por ancianos y ni\u00f1os \u2013los adultos viven en la ciudad para trabajar y dejan a los ni\u00f1os con sus abuelos\u2013.\u00a0<\/span><\/li><\/ul><p><strong><i>Equipo<\/i><\/strong><\/p><p><span style=\"font-weight: 400;\">El equipo para todas las actividades es el siguiente:<\/span><\/p><ul><li style=\"font-weight: 400;\" aria-level=\"1\"><span style=\"font-weight: 400;\">M\u00e9dicos, enfermeros y estudiantes universitarios del \u00e1rea de salud: 12 personas<\/span><\/li><li style=\"font-weight: 400;\" aria-level=\"1\"><span style=\"font-weight: 400;\">Voluntarios para la escuela de verano: 10 personas<\/span><\/li><\/ul><ul><li style=\"font-weight: 400;\" aria-level=\"1\"><span style=\"font-weight: 400;\">Log\u00edstica y organizaci\u00f3n: 8 personas<\/span><\/li><\/ul><p>\u00a0<\/p><p><strong><i>\u00c1mbitos del proyecto<\/i><\/strong><\/p><ul><li style=\"font-weight: 400;\" aria-level=\"1\"><span style=\"font-weight: 400;\">Mejorar la<\/span><b> asistencia sanitaria<\/b><span style=\"font-weight: 400;\"> al facilitar acceso a consultas, test y medicamentos a personas que ahora no lo tienen. La cobertura sanitaria en estas zonas es muy precaria. Adem\u00e1s, con las visitas a domicilio se atiende tambi\u00e9n a las personas que no pueden desplazarse.<\/span><\/li><li style=\"font-weight: 400;\" aria-level=\"1\"><span style=\"font-weight: 400;\">Mejorar tambi\u00e9n la <\/span><b>calidad de vida<\/b><span style=\"font-weight: 400;\"> de personas en situaci\u00f3n de enfermedad: Se transmitir\u00e1n las competencias b\u00e1sicas en cuidados y primeros auxilios a personas del pueblo para dar continuidad al proyecto. Se ense\u00f1an y practican\u00a0 con los aut\u00f3ctonos las tareas que ellos pueden desarrollar a su nivel, con organizaci\u00f3n y cooperaci\u00f3n entre ellos.<\/span><\/li><li style=\"font-weight: 400;\" aria-level=\"1\"><b>Promoci\u00f3n de h\u00e1bitos saludables:<\/b><span style=\"font-weight: 400;\"> Hacemos una campa\u00f1a de higiene para familias y ni\u00f1os.<\/span><\/li><li style=\"font-weight: 400;\" aria-level=\"1\"><b>Equidad en el acceso a medicamentos:<\/b><span style=\"font-weight: 400;\">\u00a0 Distribuci\u00f3n de medicamentos b\u00e1sicos en colectivos que no se lo pueden permitir.<\/span><\/li><li style=\"font-weight: 400;\" aria-level=\"1\"><b>Ayuda a la infancia y a personas en riesgo de exclusi\u00f3n social<\/b><span style=\"font-weight: 400;\">: los principales beneficiarios del proyecto son <\/span><b>ni\u00f1os y ancianos<\/b><span style=\"font-weight: 400;\">.<\/span><\/li><li style=\"font-weight: 400;\" aria-level=\"1\"><b>\u00a0Cooperaci\u00f3n al desarrollo<\/b><span style=\"font-weight: 400;\">: sensibilizaci\u00f3n de j\u00f3venes universitarios del pa\u00eds en el compromiso social. Estos j\u00f3venes ser\u00e1n los l\u00edderes del pa\u00eds el d\u00eda de ma\u00f1ana, y el desarrollo del pa\u00eds depende mucho de su compromiso.<\/span><\/li><\/ul><p><strong><i><br \/>Descripci\u00f3n de la poblaci\u00f3n beneficiada y otras personas implicadas<\/i><\/strong><\/p><p><span style=\"font-weight: 400;\">Kassap (Bayangam) es un enclave desfavorecido, situado en el departamento de Koung-Khi, en la regi\u00f3n del Oeste de Camer\u00fan. La mayor\u00eda desarrolla una econom\u00eda de subsistencia, basada en la agricultura y un comercio muy b\u00e1sico. Muchos j\u00f3venes y matrimonios se marchan a la ciudad y dejan en el pueblo a los ancianos con sus nietos.<\/span><\/p><p><span style=\"font-weight: 400;\">En el proyecto participan las autoridades e instituciones locales, como el jefe tradicional del pueblo, la directora de la escuela primaria, etc\u00e9tera.\u00a0<\/span><\/p><p><strong><i>Impacto social del proyecto<\/i><\/strong><\/p><p><span style=\"font-weight: 400;\">Se pretende interaccionar con las fuerzas vivas del pueblo para crear un dinamismo interno en el pueblo y que las actividades que realicemos tengan cierta continuidad cuando nos vayamos. Por eso son importantes los viajes previos para preparar el terreno. Hacerles ver que con su colaboraci\u00f3n y actividad, haciendo cosas sencillas, pueden mejorar bastante la calidad de vida de todos los vecinos.<\/span><\/p><p><span style=\"font-weight: 400;\">La formaci\u00f3n que daremos a los profesores de la escuela primaria, as\u00ed como las charlas educativas a familias y a chicos, permitir\u00e1n dejar un poso en cada uno.<\/span><\/p><p><span style=\"font-weight: 400;\">Todas las acciones de la campa\u00f1a de salud tendr\u00e1n un impacto concreto e inmediato sobre los habitantes de Kassap, sobre todo a los que se visiten personalmente.<\/span><\/p><p><strong><i>Impacto sobre la salud<\/i><\/strong><\/p><p><span style=\"font-weight: 400;\">El objetivo es llegar a 500 consultas m\u00e9dicas y a 250 ni\u00f1os para la campa\u00f1a de nutrici\u00f3n. La campa\u00f1a de salud se propone desempe\u00f1ar las siguientes actividades:<\/span><\/p><ul><li style=\"font-weight: 400;\" aria-level=\"1\"><span style=\"font-weight: 400;\">Campa\u00f1a de higiene y prevenci\u00f3n<\/span><\/li><li style=\"font-weight: 400;\" aria-level=\"1\"><span style=\"font-weight: 400;\">Consultas en varias especialidades.<\/span><\/li><li style=\"font-weight: 400;\" aria-level=\"1\"><span style=\"font-weight: 400;\">Diferentes tipos de anal\u00edtica<\/span><\/li><li style=\"font-weight: 400;\" aria-level=\"1\"><span style=\"font-weight: 400;\">Distribuci\u00f3n de medicamentos<\/span><\/li><li style=\"font-weight: 400;\" aria-level=\"1\"><span style=\"font-weight: 400;\">Hospitalizaci\u00f3n de los casos m\u00e1s graves<\/span><\/li><li style=\"font-weight: 400;\" aria-level=\"1\"><span style=\"font-weight: 400;\">Visitas a domicilio para cuidados paliativos y otros<\/span><\/li><li style=\"font-weight: 400;\" aria-level=\"1\"><span style=\"font-weight: 400;\">Escuela de verano y nutrici\u00f3n de los ni\u00f1os del pueblo<\/span><\/li><li style=\"font-weight: 400;\" aria-level=\"1\"><span style=\"font-weight: 400;\">Formaci\u00f3n de algunas personas del pueblo en algunas de estas tareas para dar continuidad al proyecto.<\/span><\/li><\/ul>\t\t\t\t\t\t\t\t<\/div>\n\t\t\t\t<div class=\"elementor-element elementor-element-2917dc26 elementor-pagination-position-outside elementor-widget elementor-widget-image-carousel\" data-id=\"2917dc26\" data-element_type=\"widget\" data-e-type=\"widget\" data-settings=\"{&quot;slides_to_show&quot;:&quot;2&quot;,&quot;navigation&quot;:&quot;dots&quot;,&quot;autoplay&quot;:&quot;yes&quot;,&quot;pause_on_hover&quot;:&quot;yes&quot;,&quot;pause_on_interaction&quot;:&quot;yes&quot;,&quot;autoplay_speed&quot;:5000,&quot;infinite&quot;:&quot;yes&quot;,&quot;speed&quot;:500,&quot;image_spacing_custom&quot;:{&quot;unit&quot;:&quot;px&quot;,&quot;size&quot;:20,&quot;sizes&quot;:[]},&quot;image_spacing_custom_tablet&quot;:{&quot;unit&quot;:&quot;px&quot;,&quot;size&quot;:&quot;&quot;,&quot;sizes&quot;:[]},&quot;image_spacing_custom_mobile&quot;:{&quot;unit&quot;:&quot;px&quot;,&quot;size&quot;:&quot;&quot;,&quot;sizes&quot;:[]}}\" data-widget_type=\"image-carousel.default\">\n\t\t\t\t\t\t\t<div class=\"elementor-image-carousel-wrapper swiper\" role=\"region\" aria-roledescription=\"carousel\" aria-label=\"Carrusel de im\u00e1genes\" dir=\"ltr\">\n\t\t\t<div class=\"elementor-image-carousel swiper-wrapper\" aria-live=\"off\">\n\t\t\t\t\t\t\t\t<div class=\"swiper-slide\" role=\"group\" aria-roledescription=\"slide\" aria-label=\"1 de 5\"><a data-elementor-open-lightbox=\"yes\" data-elementor-lightbox-slideshow=\"2917dc26\" data-elementor-lightbox-title=\"PHOTO-2025-08-01-09-21-40\" data-e-action-hash=\"#elementor-action%3Aaction%3Dlightbox%26settings%3DeyJpZCI6NzAyLCJ1cmwiOiJodHRwczpcL1wvbm9zZWxvY3VlbnRlc2FuYWRpZS5jb21cL2VucGFkZVwvd3AtY29udGVudFwvdXBsb2Fkc1wvMjAyNlwvMDNcL1BIT1RPLTIwMjUtMDgtMDEtMDktMjEtNDAuanBnIiwic2xpZGVzaG93IjoiMjkxN2RjMjYifQ%3D%3D\" href=\"https:\/\/noselocuentesanadie.com\/enpade\/wp-content\/uploads\/2026\/03\/PHOTO-2025-08-01-09-21-40.jpg\"><figure class=\"swiper-slide-inner\"><img decoding=\"async\" class=\"swiper-slide-image\" src=\"https:\/\/noselocuentesanadie.com\/enpade\/wp-content\/uploads\/2026\/03\/PHOTO-2025-08-01-09-21-40.jpg\" alt=\"PHOTO-2025-08-01-09-21-40\" \/><\/figure><\/a><\/div><div class=\"swiper-slide\" role=\"group\" aria-roledescription=\"slide\" aria-label=\"2 de 5\"><a data-elementor-open-lightbox=\"yes\" data-elementor-lightbox-slideshow=\"2917dc26\" data-elementor-lightbox-title=\"camerun-4\" data-e-action-hash=\"#elementor-action%3Aaction%3Dlightbox%26settings%3DeyJpZCI6NzAxLCJ1cmwiOiJodHRwczpcL1wvbm9zZWxvY3VlbnRlc2FuYWRpZS5jb21cL2VucGFkZVwvd3AtY29udGVudFwvdXBsb2Fkc1wvMjAyNlwvMDNcL2NhbWVydW4tNC5qcGciLCJzbGlkZXNob3ciOiIyOTE3ZGMyNiJ9\" href=\"https:\/\/noselocuentesanadie.com\/enpade\/wp-content\/uploads\/2026\/03\/camerun-4.jpg\"><figure class=\"swiper-slide-inner\"><img decoding=\"async\" class=\"swiper-slide-image\" src=\"https:\/\/noselocuentesanadie.com\/enpade\/wp-content\/uploads\/2026\/03\/camerun-4.jpg\" alt=\"camerun-4\" \/><\/figure><\/a><\/div><div class=\"swiper-slide\" role=\"group\" aria-roledescription=\"slide\" aria-label=\"3 de 5\"><a data-elementor-open-lightbox=\"yes\" data-elementor-lightbox-slideshow=\"2917dc26\" data-elementor-lightbox-title=\"camerun-3\" data-e-action-hash=\"#elementor-action%3Aaction%3Dlightbox%26settings%3DeyJpZCI6NzAwLCJ1cmwiOiJodHRwczpcL1wvbm9zZWxvY3VlbnRlc2FuYWRpZS5jb21cL2VucGFkZVwvd3AtY29udGVudFwvdXBsb2Fkc1wvMjAyNlwvMDNcL2NhbWVydW4tMy5qcGciLCJzbGlkZXNob3ciOiIyOTE3ZGMyNiJ9\" href=\"https:\/\/noselocuentesanadie.com\/enpade\/wp-content\/uploads\/2026\/03\/camerun-3.jpg\"><figure class=\"swiper-slide-inner\"><img decoding=\"async\" class=\"swiper-slide-image\" src=\"https:\/\/noselocuentesanadie.com\/enpade\/wp-content\/uploads\/2026\/03\/camerun-3.jpg\" alt=\"camerun-3\" \/><\/figure><\/a><\/div><div class=\"swiper-slide\" role=\"group\" aria-roledescription=\"slide\" aria-label=\"4 de 5\"><a data-elementor-open-lightbox=\"yes\" data-elementor-lightbox-slideshow=\"2917dc26\" data-elementor-lightbox-title=\"camerun-2\" data-e-action-hash=\"#elementor-action%3Aaction%3Dlightbox%26settings%3DeyJpZCI6Njk5LCJ1cmwiOiJodHRwczpcL1wvbm9zZWxvY3VlbnRlc2FuYWRpZS5jb21cL2VucGFkZVwvd3AtY29udGVudFwvdXBsb2Fkc1wvMjAyNlwvMDNcL2NhbWVydW4tMi5qcGciLCJzbGlkZXNob3ciOiIyOTE3ZGMyNiJ9\" href=\"https:\/\/noselocuentesanadie.com\/enpade\/wp-content\/uploads\/2026\/03\/camerun-2.jpg\"><figure class=\"swiper-slide-inner\"><img decoding=\"async\" class=\"swiper-slide-image\" src=\"https:\/\/noselocuentesanadie.com\/enpade\/wp-content\/uploads\/2026\/03\/camerun-2.jpg\" alt=\"camerun-2\" \/><\/figure><\/a><\/div><div class=\"swiper-slide\" role=\"group\" aria-roledescription=\"slide\" aria-label=\"5 de 5\"><a data-elementor-open-lightbox=\"yes\" data-elementor-lightbox-slideshow=\"2917dc26\" data-elementor-lightbox-title=\"camerun-1\" data-e-action-hash=\"#elementor-action%3Aaction%3Dlightbox%26settings%3DeyJpZCI6Njk4LCJ1cmwiOiJodHRwczpcL1wvbm9zZWxvY3VlbnRlc2FuYWRpZS5jb21cL2VucGFkZVwvd3AtY29udGVudFwvdXBsb2Fkc1wvMjAyNlwvMDNcL2NhbWVydW4tMS5qcGciLCJzbGlkZXNob3ciOiIyOTE3ZGMyNiJ9\" href=\"https:\/\/noselocuentesanadie.com\/enpade\/wp-content\/uploads\/2026\/03\/camerun-1.jpg\"><figure class=\"swiper-slide-inner\"><img decoding=\"async\" class=\"swiper-slide-image\" src=\"https:\/\/noselocuentesanadie.com\/enpade\/wp-content\/uploads\/2026\/03\/camerun-1.jpg\" alt=\"camerun-1\" \/><\/figure><\/a><\/div>\t\t\t<\/div>\n\t\t\t\t\t\t\t\n\t\t\t\t\t\t\t\t\t<div class=\"swiper-pagination\"><\/div>\n\t\t\t\t\t\t\t\t\t<\/div>\n\t\t\t\t\t\t<\/div>\n\t\t\t\t<\/div>\n\t\t<div class=\"elementor-element elementor-element-26296204 e-con-full e-flex e-con e-child\" data-id=\"26296204\" data-element_type=\"container\" data-e-type=\"container\">\n\t\t<div class=\"elementor-element elementor-element-7a34295 e-con-full e-flex e-con e-child\" data-id=\"7a34295\" data-element_type=\"container\" data-e-type=\"container\" data-settings=\"{&quot;sticky&quot;:&quot;top&quot;,&quot;sticky_parent&quot;:&quot;yes&quot;,&quot;sticky_on&quot;:[&quot;desktop&quot;,&quot;tablet&quot;,&quot;mobile&quot;],&quot;sticky_offset&quot;:0,&quot;sticky_effects_offset&quot;:0,&quot;sticky_anchor_link_offset&quot;:0}\">\n\t\t<div class=\"elementor-element elementor-element-3399dc4a e-con-full e-flex e-con e-child\" data-id=\"3399dc4a\" data-element_type=\"container\" data-e-type=\"container\" data-settings=\"{&quot;background_background&quot;:&quot;classic&quot;}\">\n\t\t\t\t<div class=\"elementor-element elementor-element-53e16597 elementor-widget elementor-widget-heading\" data-id=\"53e16597\" data-element_type=\"widget\" data-e-type=\"widget\" data-widget_type=\"heading.default\">\n\t\t\t\t\t<h4 class=\"elementor-heading-title elementor-size-default\">\u00a1Cambiemos el mundo juntos ahora!<\/h4>\t\t\t\t<\/div>\n\t\t\t\t<div class=\"elementor-element elementor-element-184379d3 elementor-widget elementor-widget-text-editor\" data-id=\"184379d3\" data-element_type=\"widget\" data-e-type=\"widget\" data-widget_type=\"text-editor.default\">\n\t\t\t\t\t\t\t\t\t<p>Cada aportaci\u00f3n suma para llevar alimento, refugio y esperanza a quienes m\u00e1s lo necesitan. Tu ayuda hoy puede cambiar muchas vidas.<\/p>\t\t\t\t\t\t\t\t<\/div>\n\t\t\t\t<div class=\"elementor-element elementor-element-5a1c04d0 elementor-align-center elementor-widget elementor-widget-button\" data-id=\"5a1c04d0\" data-element_type=\"widget\" data-e-type=\"widget\" data-widget_type=\"button.default\">\n\t\t\t\t\t\t\t\t\t\t<a class=\"elementor-button elementor-button-link elementor-size-sm\" href=\"https:\/\/ongiving.com\/donar-ong\/24\/info\">\n\t\t\t\t\t\t<span class=\"elementor-button-content-wrapper\">\n\t\t\t\t\t\t\t\t\t<span class=\"elementor-button-text\">Donar<\/span>\n\t\t\t\t\t<\/span>\n\t\t\t\t\t<\/a>\n\t\t\t\t\t\t\t\t<\/div>\n\t\t\t\t<\/div>\n\t\t<div class=\"elementor-element elementor-element-3bdb533d e-con-full e-flex e-con e-child\" data-id=\"3bdb533d\" data-element_type=\"container\" data-e-type=\"container\">\n\t\t<div class=\"elementor-element elementor-element-3249b3ce e-con-full e-flex e-con e-child\" data-id=\"3249b3ce\" data-element_type=\"container\" data-e-type=\"container\" data-settings=\"{&quot;background_background&quot;:&quot;classic&quot;}\">\n\t\t\t\t<div class=\"elementor-element elementor-element-82b7106 elementor-align-justify elementor-widget elementor-widget-button\" data-id=\"82b7106\" data-element_type=\"widget\" data-e-type=\"widget\" data-widget_type=\"button.default\">\n\t\t\t\t\t\t\t\t\t\t<a class=\"elementor-button elementor-button-link elementor-size-sm\" href=\"https:\/\/noselocuentesanadie.com\/enpade\/proyectos\/#proyectos\">\n\t\t\t\t\t\t<span class=\"elementor-button-content-wrapper\">\n\t\t\t\t\t\t\t\t\t<span class=\"elementor-button-text\">Ver otros proyectos<\/span>\n\t\t\t\t\t<\/span>\n\t\t\t\t\t<\/a>\n\t\t\t\t\t\t\t\t<\/div>\n\t\t\t\t<\/div>\n\t\t\t\t<\/div>\n\t\t\t\t<\/div>\n\t\t\t\t<\/div>\n\t\t\t\t\t<\/div>\n\t\t\t\t<\/div>\n\t\t\t\t<\/div>\n\t\t","protected":false},"excerpt":{"rendered":"<p>Proyecto Camer\u00fan Campa\u00f1a de salud y educaci\u00f3n en el \u00e1rea rural de Bayangam RECAUDADO \u20ac300 OBJETIVO \u20ac10.000 FINALIZACI\u00d3N 01\/16\/2026 Dos d\u00e9cadas proporcionando atenci\u00f3n sanitaria y educaci\u00f3n en zonas rurales de Camer\u00fan El Centre d\u2019\u00c9tudes Nolanga, de la capital, Yaound\u00e9, organiza desde 2007 una campa\u00f1a de salud y educativas en zonas alejadas de los n\u00facleos urbanos. [&hellip;]<\/p>\n","protected":false},"author":1,"featured_media":0,"parent":0,"menu_order":0,"comment_status":"closed","ping_status":"closed","template":"","meta":{"_joinchat":[],"footnotes":""},"class_list":["post-684","page","type-page","status-publish","hentry"],"_links":{"self":[{"href":"https:\/\/noselocuentesanadie.com\/enpade\/wp-json\/wp\/v2\/pages\/684","targetHints":{"allow":["GET"]}}],"collection":[{"href":"https:\/\/noselocuentesanadie.com\/enpade\/wp-json\/wp\/v2\/pages"}],"about":[{"href":"https:\/\/noselocuentesanadie.com\/enpade\/wp-json\/wp\/v2\/types\/page"}],"author":[{"embeddable":true,"href":"https:\/\/noselocuentesanadie.com\/enpade\/wp-json\/wp\/v2\/users\/1"}],"replies":[{"embeddable":true,"href":"https:\/\/noselocuentesanadie.com\/enpade\/wp-json\/wp\/v2\/comments?post=684"}],"version-history":[{"count":19,"href":"https:\/\/noselocuentesanadie.com\/enpade\/wp-json\/wp\/v2\/pages\/684\/revisions"}],"predecessor-version":[{"id":769,"href":"https:\/\/noselocuentesanadie.com\/enpade\/wp-json\/wp\/v2\/pages\/684\/revisions\/769"}],"wp:attachment":[{"href":"https:\/\/noselocuentesanadie.com\/enpade\/wp-json\/wp\/v2\/media?parent=684"}],"curies":[{"name":"wp","href":"https:\/\/api.w.org\/{rel}","templated":true}]}}